{"id":193,"date":"2025-12-02T13:33:18","date_gmt":"2025-12-02T13:33:18","guid":{"rendered":"https:\/\/wisewhaleproject.com\/?page_id=193"},"modified":"2026-02-25T15:11:25","modified_gmt":"2026-02-25T15:11:25","slug":"morocco","status":"publish","type":"page","link":"https:\/\/wisewhaleproject.com\/de\/morocco\/","title":{"rendered":"Marokko"},"content":{"rendered":"<h2 class=\"wp-block-heading has-text-align-center has-bellota-font-family has-x-large-font-size\" style=\"text-transform:uppercase\">Marokko: Ein unerforschtes Gebiet f\u00fcr Wale und Delfine<\/h2>\n\n\n\n<p>Die Idee hinter dem Wise Whale Project ist, dass es um die Welt wandern und wachsen kann, indem es kleine lokale Partnerschaften an Orten schafft, die wir f\u00fcr strategisch und \u00f6kologisch wichtig halten. Jeder Standort stellt ein neues Kapitel unserer Reise dar - eine M\u00f6glichkeit, mit lokalen Gemeinschaften in Kontakt zu treten, Wissen zu teilen und verantwortungsvolle Walbeobachtung und Meeresbewusstsein in verschiedenen Regionen zu f\u00f6rdern.<\/p>\n\n\n\n<p>Aber jede Reise braucht einen Startpunkt, und f\u00fcr uns ist dieser Startpunkt Marokko.<\/p>\n\n\n\n<p>Marokko wird die erste Heimat des Wise Whale Project sein - der Ort, an dem unsere Vision Gestalt annimmt, an dem wir beginnen, Verbindungen zwischen den Menschen und dem Meer auf eine bewusstere und respektvollere Art und Weise herzustellen.<\/p>\n\n\n\n<p>Wir haben uns f\u00fcr Marokko als Ausgangspunkt unserer Reise entschieden, und zwar aus zwei Hauptgr\u00fcnden.<\/p>\n\n\n\n<p>Erstens gibt es in Marokko, anders als in vielen anderen K\u00fcstenregionen, kaum Whale-Watching-Aktivit\u00e4ten. Das bedeutet, dass die Meeresbewohner hier nicht unter st\u00e4ndigem Druck durch zahlreiche Boote oder Tourismusbetriebe stehen. Wir glauben, dass es wenig Sinn macht, ein weiteres Unternehmen in Gegenden zu gr\u00fcnden, in denen die Tiere bereits t\u00e4glich von zahlreichen Booten umgeben sind. Einer der Hauptgr\u00fcnde, warum wir das Wise Whale Project ins Leben gerufen haben, war der Stress, den der Mensch den Walen antut, wenn zu viele Anbieter um die gleichen Begegnungen konkurrieren.<\/p>\n\n\n\n<p>Indem wir unsere Reise an einem Ort beginnen, an dem nur wenige - oder gar keine - Whale-Watching-Boote verkehren, wollen wir sicherstellen, dass unsere Anwesenheit nicht zu einer weiteren St\u00f6rung des Ozeans f\u00fchrt. Stattdessen wollen wir zu einem sanfteren, respektvolleren Modell der Beobachtung von Meereslebewesen beitragen.<\/p>\n\n\n\n<figure class=\"wp-block-image size-large\"><img loading=\"lazy\" decoding=\"async\" width=\"1024\" height=\"683\" src=\"https:\/\/wisewhaleproject.com\/wp-content\/uploads\/2026\/02\/MG_0085-1024x683.jpg\" alt=\"\" class=\"wp-image-487\" srcset=\"https:\/\/wisewhaleproject.com\/wp-content\/uploads\/2026\/02\/MG_0085-1024x683.jpg 1024w, https:\/\/wisewhaleproject.com\/wp-content\/uploads\/2026\/02\/MG_0085-300x200.jpg 300w, https:\/\/wisewhaleproject.com\/wp-content\/uploads\/2026\/02\/MG_0085-768x512.jpg 768w, https:\/\/wisewhaleproject.com\/wp-content\/uploads\/2026\/02\/MG_0085-1536x1024.jpg 1536w, https:\/\/wisewhaleproject.com\/wp-content\/uploads\/2026\/02\/MG_0085-2048x1365.jpg 2048w\" sizes=\"auto, (max-width: 1024px) 100vw, 1024px\" \/><\/figure>\n\n\n\n<p>Der zweite Grund ist wissenschaftliche Neugierde. \u00dcber die Wale und Delfine in Marokko ist nur sehr wenig bekannt. Diese Region um M'diq am Mittelmeer und in der N\u00e4he des Atlantischen Ozeans ist ein Gebiet, das reich an Leben ist, aber noch weitgehend unerforscht, was Forschung und langfristige \u00dcberwachung angeht.<\/p>\n\n\n\n<p>Wir sind der Meinung, dass jede verantwortungsvolle Walbeobachtung auch eine Plattform zum Lernen sein sollte. Mit dem Wise Whale Project hoffen wir, wertvolle Daten zu sammeln, Wissen weiterzugeben und dazu beizutragen, dass wir ein klareres Bild davon bekommen, welche Arten in diesen Gew\u00e4ssern leben, wie sie dieses Gebiet nutzen und welchen Bedrohungen sie m\u00f6glicherweise ausgesetzt sind.<\/p>\n\n\n\n<p>Unser Ziel in Marokko ist einfach, aber ehrgeizig: Wir wollen erkunden, lernen und sch\u00fctzen.<\/p>\n\n\n\n<p>Wir wollen eine neue Art des Lebens auf dem Meer schaffen - eine, die sowohl die Tiere als auch das empfindliche Gleichgewicht des \u00d6kosystems, in dem sie leben, respektiert.<\/p>\n\n\n\n<p><\/p>\n\n\n\n<p><\/p>","protected":false},"excerpt":{"rendered":"<p>Morocco: An Unexplored Cetacean Frontier The idea behind the Wise Whale Project is that it can move and grow around the world, creating small local partnerships in places we believe are strategically and ecologically important. Each location represents a new chapter of our journey \u2014 a way to connect with local communities, share knowledge, and [&hellip;]<\/p>\n","protected":false},"author":2,"featured_media":0,"parent":0,"menu_order":0,"comment_status":"closed","ping_status":"closed","template":"","meta":{"footnotes":""},"class_list":["post-193","page","type-page","status-publish","hentry"],"_links":{"self":[{"href":"https:\/\/wisewhaleproject.com\/de\/wp-json\/wp\/v2\/pages\/193","targetHints":{"allow":["GET"]}}],"collection":[{"href":"https:\/\/wisewhaleproject.com\/de\/wp-json\/wp\/v2\/pages"}],"about":[{"href":"https:\/\/wisewhaleproject.com\/de\/wp-json\/wp\/v2\/types\/page"}],"author":[{"embeddable":true,"href":"https:\/\/wisewhaleproject.com\/de\/wp-json\/wp\/v2\/users\/2"}],"replies":[{"embeddable":true,"href":"https:\/\/wisewhaleproject.com\/de\/wp-json\/wp\/v2\/comments?post=193"}],"version-history":[{"count":16,"href":"https:\/\/wisewhaleproject.com\/de\/wp-json\/wp\/v2\/pages\/193\/revisions"}],"predecessor-version":[{"id":790,"href":"https:\/\/wisewhaleproject.com\/de\/wp-json\/wp\/v2\/pages\/193\/revisions\/790"}],"wp:attachment":[{"href":"https:\/\/wisewhaleproject.com\/de\/wp-json\/wp\/v2\/media?parent=193"}],"curies":[{"name":"WordPress","href":"https:\/\/api.w.org\/{rel}","templated":true}]}}