{"id":222,"date":"2025-12-17T14:56:21","date_gmt":"2025-12-17T14:56:21","guid":{"rendered":"https:\/\/wisewhaleproject.com\/?page_id=222"},"modified":"2026-04-07T11:36:23","modified_gmt":"2026-04-07T10:36:23","slug":"boat-tours-morocco","status":"publish","type":"page","link":"https:\/\/wisewhaleproject.com\/de\/boat-tours-morocco\/","title":{"rendered":"Our Trips"},"content":{"rendered":"<div class=\"wp-block-columns alignwide are-vertically-aligned-center is-not-stacked-on-mobile is-layout-flex wp-container-core-columns-is-layout-47c06fe3 wp-block-columns-is-layout-flex\">\n<div class=\"wp-block-column is-layout-flow wp-block-column-is-layout-flow\"><\/div>\n\n\n\n<div class=\"wp-block-column is-vertically-aligned-top is-layout-flow wp-block-column-is-layout-flow\" style=\"flex-basis:100%\">\n<h2 class=\"wp-block-heading has-text-align-center has-bellota-font-family has-x-large-font-size\" style=\"text-transform:uppercase\">Bootsfahrten zur Wal- und Delfinbeobachtung Wise Whale Project<\/h2>\n\n\n\n<p class=\"has-text-align-center\">Nehmen Sie an unseren Bootsausfl\u00fcgen zur Wal- und Delfinbeobachtung in Marokko teil und erkunden Sie den Ozean mit einem Meeresbiologen.<\/p>\n\n\n\n<div class=\"wp-block-group is-nowrap is-layout-flex wp-container-core-group-is-layout-6c531013 wp-block-group-is-layout-flex\">\n<figure class=\"wp-block-image size-large wp-container-content-e0b89f81\"><img loading=\"lazy\" decoding=\"async\" width=\"1024\" height=\"277\" src=\"https:\/\/wisewhaleproject.com\/wp-content\/uploads\/2026\/02\/Motor-boat-icon-e1771939506150-1024x277.png\" alt=\"\" class=\"wp-image-678\" srcset=\"https:\/\/wisewhaleproject.com\/wp-content\/uploads\/2026\/02\/Motor-boat-icon-e1771939506150-1024x277.png 1024w, https:\/\/wisewhaleproject.com\/wp-content\/uploads\/2026\/02\/Motor-boat-icon-e1771939506150-300x81.png 300w, https:\/\/wisewhaleproject.com\/wp-content\/uploads\/2026\/02\/Motor-boat-icon-e1771939506150-768x208.png 768w, https:\/\/wisewhaleproject.com\/wp-content\/uploads\/2026\/02\/Motor-boat-icon-e1771939506150.png 1487w\" sizes=\"auto, (max-width: 1024px) 100vw, 1024px\" \/><\/figure>\n\n\n\n<h2 class=\"wp-block-heading has-base-color has-text-color has-link-color has-large-font-size wp-elements-a489e74af5c2bdaa7b519e96ac417f61\" style=\"text-transform:uppercase\"><strong>1. <\/strong><strong>Delphinbeobachtungstour mit dem Boot<\/strong> <\/h2>\n<\/div>\n\n\n\n\n\n\n<p class=\"has-text-align-center\" style=\"text-transform:uppercase\">Ein Offshore-Erlebnis mit Meeresbiologen<\/p>\n\n\n\n<p>Dieses Erlebnis ist f\u00fcr G\u00e4ste gedacht, die das offene Meer erkunden und etwas \u00fcber das Meeresleben erfahren m\u00f6chten. Die Tour dauert zwei Stunden und f\u00fchrt uns weit weg von der K\u00fcste, auf der Suche nach Delfinen und anderen Meeress\u00e4ugern.<\/p>\n\n\n\n<p>Diese Tour ist auf maximal acht G\u00e4ste begrenzt, um ein ruhiges, respektvolles und pers\u00f6nliches Erlebnis zu gew\u00e4hrleisten. An Bord werden Sie von einem professionellen Skipper und einem Meeresbiologen begleitet, die ihr Wissen \u00fcber Wale, ihr Verhalten und das \u00d6kosystem, in dem sie leben, weitergeben.<\/p>\n\n\n\n<p>Der Schwerpunkt liegt auf Walen, insbesondere Delfinen. Die Fahrt ist lehrreich und interaktiv und bietet eine freundliche und entspannte Atmosph\u00e4re, in der Sie ermutigt werden, Fragen zu stellen, verantwortungsbewusst zu beobachten und sich in einer ruhigen und intimen Umgebung mit dem Meer zu verbinden.<\/p>\n\n\n\n<p>Dies ist ein forschungsbasiertes Whale Watching Erlebnis. W\u00e4hrend der Reise werden wir:<\/p>\n\n\n\n<p>-Foto-ID<\/p>\n\n\n\n<p>-Datenerhebung<\/p>\n\n\n\n<p>-Beitrag zum Wissen \u00fcber eine wenig erforschte Region.<\/p>\n\n\n\n<div class=\"wp-block-group is-nowrap is-layout-flex wp-container-core-group-is-layout-6c531013 wp-block-group-is-layout-flex\">\n<div class=\"wp-block-group is-nowrap is-layout-flex wp-container-core-group-is-layout-6c531013 wp-block-group-is-layout-flex\">\n<figure class=\"wp-block-image size-full wp-container-content-b04ba3db\"><img loading=\"lazy\" decoding=\"async\" width=\"880\" height=\"934\" src=\"https:\/\/wisewhaleproject.com\/wp-content\/uploads\/2026\/02\/sailboat-icon-e1771936808290.png\" alt=\"\" class=\"wp-image-677\" srcset=\"https:\/\/wisewhaleproject.com\/wp-content\/uploads\/2026\/02\/sailboat-icon-e1771936808290.png 880w, https:\/\/wisewhaleproject.com\/wp-content\/uploads\/2026\/02\/sailboat-icon-e1771936808290-283x300.png 283w, https:\/\/wisewhaleproject.com\/wp-content\/uploads\/2026\/02\/sailboat-icon-e1771936808290-768x815.png 768w\" sizes=\"auto, (max-width: 880px) 100vw, 880px\" \/><\/figure>\n\n\n\n<h2 class=\"wp-block-heading has-base-color has-text-color has-link-color has-large-font-size wp-elements-1f0db15d794724de5d6fdeeab830c1f1\" style=\"text-transform:uppercase\"><strong>2. K\u00fcstenfahrt mit dem Segelboot<\/strong> <\/h2>\n<\/div>\n<\/div>\n\n\n\n<p>Entspannen, erkunden und genie\u00dfen Sie die marokkanische K\u00fcste<\/p>\n\n\n\n\n\n\n<p class=\"has-text-align-center has-large-font-size\" style=\"text-transform:uppercase\"><strong>Halbtagestour, 4 Stunden<\/strong><\/p>\n\n\n\n<p>Unsere Segelt\u00f6rns sind f\u00fcr diejenigen gedacht, die die Sch\u00f6nheit der marokkanischen K\u00fcste in aller Ruhe genie\u00dfen m\u00f6chten.<\/p>\n\n\n\n<p>Diese Option bietet ein entspannteres und landschaftlich reizvolleres Erlebnis mit besonderem Schwerpunkt auf der K\u00fcstenregion von Tetouan. Die Fahrt findet auf einem Segelboot statt und ist ideal, um das Meer, die Landschaft und ein langsameres Tempo zu genie\u00dfen. Wir werden auch eine Pause f\u00fcr Schnorcheln im sch\u00f6nen Wasser einlegen.<\/p>\n\n\n\n<p>Und wenn w\u00e4hrend der Fahrt Delfine auftauchen, werden wir sie als Teil des Erlebnisses respektvoll beobachten.<\/p>\n\n\n\n<div class=\"wp-block-columns is-layout-flex wp-container-core-columns-is-layout-28f84493 wp-block-columns-is-layout-flex\">\n<div class=\"wp-block-column is-layout-flow wp-block-column-is-layout-flow\">\n<p><\/p>\n\n\n\n<p class=\"has-text-align-center has-large-font-size\" style=\"text-transform:uppercase\"><\/p>\n\n\n\n<p><\/p>\n<\/div>\n<\/div>\n\n\n\n<p><\/p>\n<\/div>\n<\/div>","protected":false},"excerpt":{"rendered":"<p>Whale and Dolphin Watching Boat tours Wise Whale Project Join our whale and dolphin watching boat trips in Morocco and explore the ocean with marine biologist. 1. Dolphin Watching Boat Tour An Offshore Experience with Marine Biologists This experience is designed for guests who want to explore the open sea and learn about marine life. [&hellip;]<\/p>\n","protected":false},"author":2,"featured_media":0,"parent":0,"menu_order":0,"comment_status":"closed","ping_status":"closed","template":"","meta":{"footnotes":""},"class_list":["post-222","page","type-page","status-publish","hentry"],"_links":{"self":[{"href":"https:\/\/wisewhaleproject.com\/de\/wp-json\/wp\/v2\/pages\/222","targetHints":{"allow":["GET"]}}],"collection":[{"href":"https:\/\/wisewhaleproject.com\/de\/wp-json\/wp\/v2\/pages"}],"about":[{"href":"https:\/\/wisewhaleproject.com\/de\/wp-json\/wp\/v2\/types\/page"}],"author":[{"embeddable":true,"href":"https:\/\/wisewhaleproject.com\/de\/wp-json\/wp\/v2\/users\/2"}],"replies":[{"embeddable":true,"href":"https:\/\/wisewhaleproject.com\/de\/wp-json\/wp\/v2\/comments?post=222"}],"version-history":[{"count":70,"href":"https:\/\/wisewhaleproject.com\/de\/wp-json\/wp\/v2\/pages\/222\/revisions"}],"predecessor-version":[{"id":845,"href":"https:\/\/wisewhaleproject.com\/de\/wp-json\/wp\/v2\/pages\/222\/revisions\/845"}],"wp:attachment":[{"href":"https:\/\/wisewhaleproject.com\/de\/wp-json\/wp\/v2\/media?parent=222"}],"curies":[{"name":"WordPress","href":"https:\/\/api.w.org\/{rel}","templated":true}]}}