{"id":24,"date":"2025-12-01T10:04:00","date_gmt":"2025-12-01T10:04:00","guid":{"rendered":"https:\/\/wisewhaleproject.com\/?page_id=24"},"modified":"2026-04-09T11:26:51","modified_gmt":"2026-04-09T10:26:51","slug":"about-wise-whale-project","status":"publish","type":"page","link":"https:\/\/wisewhaleproject.com\/de\/about-wise-whale-project\/","title":{"rendered":"About us"},"content":{"rendered":"<p class=\"has-text-align-center has-bellota-font-family has-x-large-font-size\">\u00dcBER UNS<\/p>\n\n\n\n<p>Das Wise Whale Project wurde nach vielen Jahren Erfahrung in der Whale-Watching-Branche und der Walforschung ins Leben gerufen. Wir sind zwei Meeresbiologen, die ihre Reise getrennt voneinander begannen - jeder von uns von einer tiefen Faszination f\u00fcr den Ozean getrieben - und sich schlie\u00dflich bei der gemeinsamen Arbeit auf See kennenlernten. Zusammen verf\u00fcgen wir \u00fcber mehr als zwanzig Jahre Erfahrung auf dem Gebiet der Meeresforschung, von Forschungsprojekten \u00fcber Wale und andere Meeresbewohner bis hin zur Arbeit auf Walbeobachtungsbooten.<\/p>\n\n\n\n<p>Mit der Zeit kamen wir beide an einen Punkt, an dem uns etwas fehlte. Obwohl wir unsere Tage auf dem Meer verbrachten, f\u00fchlten wir uns von dem, was uns urspr\u00fcnglich inspiriert hatte, abgekoppelt. Wir ertappten uns dabei, dass wir Gruppen von Menschen zu Delfinen und Walen brachten - nicht, um etwas \u00fcber sie zu lernen, nicht, um mit ihnen in Kontakt zu treten, sondern einfach, um sie zu unterhalten. Wir f\u00fchlten uns wie Taxifahrer auf dem Wasser: Wir fuhren Passagiere hinaus, zeigten ihnen die Tiere, kamen zur\u00fcck und wiederholten Tag f\u00fcr Tag dieselbe Routine, w\u00e4hrend die Unternehmen gro\u00dfe Gewinne machten, aber wenig \u00fcber den Ozean oder seine Bewohner lernten.<\/p>\n\n\n\n<p class=\"has-base-2-color has-text-color has-link-color wp-elements-687761ef5d83bb7a5f1f6a769d216a19\">Wir begannen<a href=\"https:\/\/wisewhale.org\">&nbsp;Wisewhale.org,<\/a> Unsere erste Arbeit und Webseite. Es ist ein Projekt, das von Herzen kommt, um Menschen zu helfen zu verstehen, was hinter der Walbeobachtungsindustrie steckt \u2013 wie man verantwortungsbewusste Anbieter ausw\u00e4hlt, was man auf See erwarten kann und wie Marketing und profitgetriebener Tourismus unsere Erwartungen auf eine Weise formen k\u00f6nnen, die nicht immer den Interessen der Tiere dient.<\/p>\n\n\n\n<p>Auf unseren Reisen um die Welt haben wir viele verschiedene Arten der Walbeobachtung kennengelernt. An einigen Orten wurde dies mit gro\u00dfem Respekt, strengen ethischen Grunds\u00e4tzen und klaren Verhaltenskodizes durchgef\u00fchrt. An anderen Orten ging es leider nur um das Gesch\u00e4ft - Menschen um jeden Preis gl\u00fccklich zu machen, selbst auf Kosten des Wohlergehens der Tiere.<\/p>\n\n\n\n<p>Diese Reise veranlasste uns, einen Vertrauensvorschuss zu geben und unseren eigenen Weg zu gehen - das Wise Whale Project. Unsere Idee war einfach: zum Meer zur\u00fcckzukehren und die Dinge auf die richtige Weise zu tun. Wir wollen Erlebnisse schaffen, bei denen es nicht nur darum geht, Wale und Delfine zu sehen, sondern sie zu verstehen.<\/p>\n\n\n\n<p>Wir wollen einen Zweck jenseits des Profits. Unser Ziel ist es, eine neue Herangehensweise an die Walbeobachtung zu inspirieren: eine, die Respekt, Bildung und eine echte Verbindung \u00fcber Unterhaltung stellt.<\/p>\n\n\n\n<figure class=\"wp-block-image size-full\"><img loading=\"lazy\" decoding=\"async\" width=\"1073\" height=\"449\" src=\"https:\/\/wisewhaleproject.com\/wp-content\/uploads\/2025\/12\/1000036786-1.jpg\" alt=\"\" class=\"wp-image-189\" style=\"aspect-ratio:16\/9;object-fit:cover\" srcset=\"https:\/\/wisewhaleproject.com\/wp-content\/uploads\/2025\/12\/1000036786-1.jpg 1073w, https:\/\/wisewhaleproject.com\/wp-content\/uploads\/2025\/12\/1000036786-1-300x126.jpg 300w, https:\/\/wisewhaleproject.com\/wp-content\/uploads\/2025\/12\/1000036786-1-1024x428.jpg 1024w, https:\/\/wisewhaleproject.com\/wp-content\/uploads\/2025\/12\/1000036786-1-768x321.jpg 768w\" sizes=\"auto, (max-width: 1073px) 100vw, 1073px\" \/><\/figure>\n\n\n\n<p>Wenn wir Menschen auf das Meer mitnehmen, wollen wir nicht nur eine Show bieten, sondern Neugier, Liebe und Respekt f\u00fcr das unglaubliche Leben wecken, das diesen Planeten mit uns teilt. Wir glauben, dass die Menschen, wenn sie den Ozean und seine Lebewesen wirklich verstehen, dazu inspiriert werden, sie zu pflegen und zu sch\u00fctzen.<\/p>\n\n\n\n<p>Denn letztendlich dreht sich der Ozean nicht um uns \u2013 wir sind nur ein kleiner Teil einer viel gr\u00f6\u00dferen Welt, die wir mit Wesen teilen, die ebenso bemerkenswert und wichtig sind wie wir selbst.<\/p>\n\n\n\n<p><\/p>\n\n\n\n<p><\/p>","protected":false},"excerpt":{"rendered":"<p>ABOUT US The Wise Whale Project was born after many years of experience in both the&nbsp;whale-watching industry and cetacean research. We are two marine biologists who began our journeys separately \u2014 each driven by a deep fascination with the ocean \u2014 and eventually met while working together at sea. Between us, we have over twenty [&hellip;]<\/p>\n","protected":false},"author":2,"featured_media":0,"parent":0,"menu_order":0,"comment_status":"closed","ping_status":"closed","template":"","meta":{"footnotes":""},"class_list":["post-24","page","type-page","status-publish","hentry"],"_links":{"self":[{"href":"https:\/\/wisewhaleproject.com\/de\/wp-json\/wp\/v2\/pages\/24","targetHints":{"allow":["GET"]}}],"collection":[{"href":"https:\/\/wisewhaleproject.com\/de\/wp-json\/wp\/v2\/pages"}],"about":[{"href":"https:\/\/wisewhaleproject.com\/de\/wp-json\/wp\/v2\/types\/page"}],"author":[{"embeddable":true,"href":"https:\/\/wisewhaleproject.com\/de\/wp-json\/wp\/v2\/users\/2"}],"replies":[{"embeddable":true,"href":"https:\/\/wisewhaleproject.com\/de\/wp-json\/wp\/v2\/comments?post=24"}],"version-history":[{"count":30,"href":"https:\/\/wisewhaleproject.com\/de\/wp-json\/wp\/v2\/pages\/24\/revisions"}],"predecessor-version":[{"id":901,"href":"https:\/\/wisewhaleproject.com\/de\/wp-json\/wp\/v2\/pages\/24\/revisions\/901"}],"wp:attachment":[{"href":"https:\/\/wisewhaleproject.com\/de\/wp-json\/wp\/v2\/media?parent=24"}],"curies":[{"name":"WordPress","href":"https:\/\/api.w.org\/{rel}","templated":true}]}}