{"id":339,"date":"2026-02-11T14:20:41","date_gmt":"2026-02-11T14:20:41","guid":{"rendered":"https:\/\/wisewhaleproject.com\/?page_id=339"},"modified":"2026-02-25T15:03:53","modified_gmt":"2026-02-25T15:03:53","slug":"marine-life-morocco","status":"publish","type":"page","link":"https:\/\/wisewhaleproject.com\/de\/marine-life-morocco\/","title":{"rendered":"Unsere Mission"},"content":{"rendered":"<div class=\"wp-block-group alignfull has-global-padding is-layout-constrained wp-container-core-group-is-layout-490fa1db wp-block-group-is-layout-constrained\" style=\"padding-top:var(--wp--preset--spacing--50);padding-right:var(--wp--preset--spacing--50);padding-bottom:var(--wp--preset--spacing--50);padding-left:var(--wp--preset--spacing--50)\">\n<div class=\"wp-block-group has-global-padding is-layout-constrained wp-container-core-group-is-layout-650790e1 wp-block-group-is-layout-constrained\">\n<h1 class=\"wp-block-heading has-text-align-center has-bellota-font-family has-x-large-font-size\">UNSERE MISSION<\/h1>\n\n\n\n<div style=\"height:46px\" aria-hidden=\"true\" class=\"wp-block-spacer\"><\/div>\n\n\n\n<p><\/p>\n\n\n\n<p class=\"has-text-align-center\"><strong>Wise Whale Projekt<\/strong> wurde aus jahrelanger praktischer Erfahrung in der Walbeobachtung und Walforschung geboren. Das Projekt wurde von zwei Meeresbiologen gegr\u00fcndet, die zusammen mehr als 20 Jahre auf See verbracht haben, und wird von einem tiefen Respekt vor dem Meer und dem Leben, das es erh\u00e4lt, getragen.<\/p>\n\n\n\n<p class=\"has-text-align-center\">Das Wise Whale Project bietet eine Alternative. Unsere Erfahrungen beruhen auf Respekt, Bildung und Verbundenheit. Sie sollen das Verst\u00e4ndnis f\u00fcr das Leben im Meer vertiefen und eine dauerhafte Sorge f\u00fcr den Ozean, den wir teilen, f\u00f6rdern.<\/p>\n\n\n\n<div style=\"height:1.25rem\" aria-hidden=\"true\" class=\"wp-block-spacer\"><\/div>\n<\/div>\n\n\n\n<div style=\"height:var(--wp--preset--spacing--30)\" aria-hidden=\"true\" class=\"wp-block-spacer\"><\/div>\n\n\n\n<figure class=\"wp-block-image alignwide size-full is-style-rounded is-style-rounded--1\" style=\"margin-top:0;margin-right:0;margin-bottom:0;margin-left:0\"><img loading=\"lazy\" decoding=\"async\" width=\"1064\" height=\"598\" src=\"https:\/\/wisewhaleproject.com\/wp-content\/uploads\/2025\/12\/1000036798.jpg\" alt=\"\" class=\"wp-image-203\" srcset=\"https:\/\/wisewhaleproject.com\/wp-content\/uploads\/2025\/12\/1000036798.jpg 1064w, https:\/\/wisewhaleproject.com\/wp-content\/uploads\/2025\/12\/1000036798-300x169.jpg 300w, https:\/\/wisewhaleproject.com\/wp-content\/uploads\/2025\/12\/1000036798-1024x576.jpg 1024w, https:\/\/wisewhaleproject.com\/wp-content\/uploads\/2025\/12\/1000036798-768x432.jpg 768w\" sizes=\"auto, (max-width: 1064px) 100vw, 1064px\" \/><\/figure>\n\n\n\n<h2 class=\"wp-block-heading has-text-align-center has-base-2-color has-text-color has-link-color wp-elements-944991001c6f1adc81081798b51bceb6\"><\/h2>\n\n\n\n<p class=\"has-text-align-center\">Das Wise Whale Project ist eine sich entwickelnde Initiative, die auf einer anderen Art der Beobachtung des Ozeans und seiner Bewohner beruht. Wir sind nicht auf der Jagd nach Profit oder der Ausbeutung von Wildtieren, sondern wollen sinnvolle Verbindungen schaffen. Unser Ziel ist es, den Menschen zu helfen, die Tiere, denen sie begegnen, wirklich zu verstehen; ihre Intelligenz, ihre Komplexit\u00e4t und ihre wichtige Rolle im \u00d6kosystem zu w\u00fcrdigen. Gleichzeitig integriert das Wise Whale Project echte Forschung. Jede Reise, jede Beobachtung und jede Begegnung tr\u00e4gt dazu bei, Wissen aufzubauen, das Bewusstsein zu sch\u00e4rfen und die Tierwelt zu sch\u00fctzen.<\/p>\n\n\n\n<p class=\"has-text-align-center\">Dies ist nicht nur ein Erlebnis, sondern eine Mission: Respekt, Neugier und Sorge f\u00fcr die nat\u00fcrliche Welt zu wecken.<\/p>\n<\/div>","protected":false},"excerpt":{"rendered":"<p>OUR MISSION Wise Whale Project was born from years of hands-on experience in whale watching and cetacean research. Founded by two marine biologists with over 20 years of combined time at sea, the project is driven by a deep respect for the ocean and the life it sustains. Wise Whale Project offers an alternative. Rooted [&hellip;]<\/p>\n","protected":false},"author":2,"featured_media":278,"parent":0,"menu_order":0,"comment_status":"closed","ping_status":"closed","template":"","meta":{"footnotes":""},"class_list":["post-339","page","type-page","status-publish","has-post-thumbnail","hentry"],"_links":{"self":[{"href":"https:\/\/wisewhaleproject.com\/de\/wp-json\/wp\/v2\/pages\/339","targetHints":{"allow":["GET"]}}],"collection":[{"href":"https:\/\/wisewhaleproject.com\/de\/wp-json\/wp\/v2\/pages"}],"about":[{"href":"https:\/\/wisewhaleproject.com\/de\/wp-json\/wp\/v2\/types\/page"}],"author":[{"embeddable":true,"href":"https:\/\/wisewhaleproject.com\/de\/wp-json\/wp\/v2\/users\/2"}],"replies":[{"embeddable":true,"href":"https:\/\/wisewhaleproject.com\/de\/wp-json\/wp\/v2\/comments?post=339"}],"version-history":[{"count":13,"href":"https:\/\/wisewhaleproject.com\/de\/wp-json\/wp\/v2\/pages\/339\/revisions"}],"predecessor-version":[{"id":785,"href":"https:\/\/wisewhaleproject.com\/de\/wp-json\/wp\/v2\/pages\/339\/revisions\/785"}],"wp:featuredmedia":[{"embeddable":true,"href":"https:\/\/wisewhaleproject.com\/de\/wp-json\/wp\/v2\/media\/278"}],"wp:attachment":[{"href":"https:\/\/wisewhaleproject.com\/de\/wp-json\/wp\/v2\/media?parent=339"}],"curies":[{"name":"WordPress","href":"https:\/\/api.w.org\/{rel}","templated":true}]}}