{"id":553,"date":"2026-02-18T13:13:13","date_gmt":"2026-02-18T13:13:13","guid":{"rendered":"https:\/\/wisewhaleproject.com\/?page_id=553"},"modified":"2026-03-06T09:07:39","modified_gmt":"2026-03-06T09:07:39","slug":"meet-the-team-whalewatching","status":"publish","type":"page","link":"https:\/\/wisewhaleproject.com\/de\/meet-the-team-whalewatching\/","title":{"rendered":"Treffen Sie das Team"},"content":{"rendered":"<div class=\"wp-block-group alignfull has-global-padding is-layout-constrained wp-container-core-group-is-layout-669513ed wp-block-group-is-layout-constrained\" style=\"margin-top:0;margin-bottom:0;padding-top:var(--wp--preset--spacing--50);padding-right:var(--wp--preset--spacing--50);padding-bottom:var(--wp--preset--spacing--50);padding-left:var(--wp--preset--spacing--50)\">\n<div class=\"wp-block-group is-vertical is-content-justification-center is-layout-flex wp-container-core-group-is-layout-ce155fab wp-block-group-is-layout-flex\">\n<h2 class=\"wp-block-heading has-text-align-center has-bellota-font-family has-x-large-font-size\" style=\"text-transform:uppercase\">Treffen Sie unser Team<\/h2>\n\n\n\n<p class=\"has-text-align-center\">Meeresliebhaber, Forscher und Gr\u00fcnder des Wise Whale Project, das sich f\u00fcr ethische Walbeobachtung und Meeresschutz einsetzt<\/p>\n<\/div>\n\n\n\n<div style=\"height:var(--wp--preset--spacing--30)\" aria-hidden=\"true\" class=\"wp-block-spacer\"><\/div>\n\n\n\n<div class=\"wp-block-columns alignwide is-layout-flex wp-container-core-columns-is-layout-4935966c wp-block-columns-is-layout-flex\" style=\"padding-right:0;padding-left:0\">\n<div class=\"wp-block-column is-layout-flow wp-block-column-is-layout-flow\">\n\n\n<div class=\"wp-block-group is-vertical is-content-justification-center is-nowrap is-layout-flex wp-container-core-group-is-layout-21d4e958 wp-block-group-is-layout-flex\">\n<p class=\"has-text-align-center has-allura-font-family has-large-font-size\">Clara Massaro<\/p>\n\n\n\n<p class=\"has-text-align-center has-medium-font-size\">Mitbegr\u00fcnder &amp; Meeresbiologe<\/p>\n<\/div>\n<\/div>\n\n\n\n<div class=\"wp-block-column is-layout-flow wp-block-column-is-layout-flow\">\n\n\n<div class=\"wp-block-group is-vertical is-content-justification-center is-nowrap is-layout-flex wp-container-core-group-is-layout-63bfd6c1 wp-block-group-is-layout-flex\">\n<p class=\"has-text-align-center has-allura-font-family has-large-font-size\">Florine Martineau<\/p>\n\n\n\n<p class=\"has-text-align-center has-medium-font-size\">Mitbegr\u00fcnder &amp; Meeresbiologe<\/p>\n<\/div>\n<\/div>\n<\/div>\n<\/div>\n\n\n\n<div class=\"wp-block-group alignfull has-background has-global-padding is-layout-constrained wp-container-core-group-is-layout-669513ed wp-block-group-is-layout-constrained\" style=\"background-color:#839aae;margin-top:0;margin-bottom:0;padding-top:var(--wp--preset--spacing--50);padding-right:var(--wp--preset--spacing--50);padding-bottom:var(--wp--preset--spacing--50);padding-left:var(--wp--preset--spacing--50)\">\n<div class=\"wp-block-columns alignwide is-layout-flex wp-container-core-columns-is-layout-1da03c2a wp-block-columns-is-layout-flex\">\n<div class=\"wp-block-column is-vertically-aligned-stretch is-layout-flow wp-block-column-is-layout-flow\" style=\"flex-basis:50%\">\n<div class=\"wp-block-group is-vertical is-content-justification-stretch is-layout-flex wp-container-core-group-is-layout-444d5ee8 wp-block-group-is-layout-flex\" style=\"min-height:100%\">\n<p class=\"has-allura-font-family has-x-large-font-size\" style=\"line-height:1.2\">Florine Martineau<\/p>\n\n\n\n<div class=\"wp-block-group has-global-padding is-content-justification-left is-layout-constrained wp-container-core-group-is-layout-9fe8ed88 wp-block-group-is-layout-constrained\">\n<p class=\"wp-container-content-0733e5d0\">Florine ist eine engagierte Walbeobachtungsf\u00fchrerin und Meeresforscherin mit einer tiefen Liebe f\u00fcr das Meer und seine Tierwelt. In ihrer Arbeit verbindet sie Felderfahrung mit wissenschaftlicher Neugier, immer auf der Suche nach einem besseren Verst\u00e4ndnis und Schutz der Walpopulationen.<\/p>\n\n\n\n<p class=\"wp-container-content-0733e5d0\">Sie engagiert sich stark f\u00fcr den Umweltschutz und setzt sich aktiv f\u00fcr die Reduzierung der Plastikverschmutzung, die Sensibilisierung f\u00fcr den Klimawandel und den Schutz von Tieren aller Arten ein. <br>F\u00fcr Florine ist jede Begegnung auf dem Meer eine Gelegenheit, nicht nur zu beobachten, sondern auch Respekt und Verantwortung f\u00fcr unsere marinen \u00d6kosysteme zu wecken<\/p>\n<\/div>\n<\/div>\n<\/div>\n\n\n\n<div class=\"wp-block-column is-vertically-aligned-center is-layout-flow wp-block-column-is-layout-flow\" style=\"flex-basis:50%\">\n<figure class=\"wp-block-image size-large is-style-rounded is-style-rounded--3\"><img loading=\"lazy\" decoding=\"async\" width=\"716\" height=\"1024\" src=\"https:\/\/wisewhaleproject.com\/wp-content\/uploads\/2026\/02\/ChatGPT-Image-25-fevr.-2026-11_51_24-716x1024.png\" alt=\"\" class=\"wp-image-775\" style=\"aspect-ratio:3\/4;object-fit:cover\" srcset=\"https:\/\/wisewhaleproject.com\/wp-content\/uploads\/2026\/02\/ChatGPT-Image-25-fevr.-2026-11_51_24-716x1024.png 716w, https:\/\/wisewhaleproject.com\/wp-content\/uploads\/2026\/02\/ChatGPT-Image-25-fevr.-2026-11_51_24-210x300.png 210w, https:\/\/wisewhaleproject.com\/wp-content\/uploads\/2026\/02\/ChatGPT-Image-25-fevr.-2026-11_51_24-768x1099.png 768w, https:\/\/wisewhaleproject.com\/wp-content\/uploads\/2026\/02\/ChatGPT-Image-25-fevr.-2026-11_51_24-8x12.png 8w, https:\/\/wisewhaleproject.com\/wp-content\/uploads\/2026\/02\/ChatGPT-Image-25-fevr.-2026-11_51_24.png 1022w\" sizes=\"auto, (max-width: 716px) 100vw, 716px\" \/><\/figure>\n<\/div>\n<\/div>\n<\/div>\n\n\n\n<div class=\"wp-block-group alignfull has-background has-global-padding is-layout-constrained wp-container-core-group-is-layout-d89aad35 wp-block-group-is-layout-constrained\" style=\"background-color:#53788a;margin-top:0;margin-bottom:0;padding-top:var(--wp--preset--spacing--50);padding-right:var(--wp--preset--spacing--50);padding-bottom:var(--wp--preset--spacing--50);padding-left:var(--wp--preset--spacing--50)\">\n<div class=\"wp-block-columns alignwide is-layout-flex wp-container-core-columns-is-layout-1da03c2a wp-block-columns-is-layout-flex\">\n<div class=\"wp-block-column is-vertically-aligned-center is-layout-flow wp-block-column-is-layout-flow\" style=\"flex-basis:60%\">\n<figure class=\"wp-block-gallery has-nested-images columns-default is-cropped wp-block-gallery-5 is-layout-flex wp-block-gallery-is-layout-flex\">\n<figure class=\"wp-block-image size-full is-style-rounded is-style-rounded--4\"><img loading=\"lazy\" decoding=\"async\" width=\"727\" height=\"1016\" data-id=\"776\" src=\"https:\/\/wisewhaleproject.com\/wp-content\/uploads\/2026\/02\/ChatGPT-Image-24-fevr.-2026-12_31_46.png\" alt=\"\" class=\"wp-image-776\" style=\"object-fit:cover\" srcset=\"https:\/\/wisewhaleproject.com\/wp-content\/uploads\/2026\/02\/ChatGPT-Image-24-fevr.-2026-12_31_46.png 727w, https:\/\/wisewhaleproject.com\/wp-content\/uploads\/2026\/02\/ChatGPT-Image-24-fevr.-2026-12_31_46-215x300.png 215w, https:\/\/wisewhaleproject.com\/wp-content\/uploads\/2026\/02\/ChatGPT-Image-24-fevr.-2026-12_31_46-9x12.png 9w\" sizes=\"auto, (max-width: 727px) 100vw, 727px\" \/><\/figure>\n<\/figure>\n<\/div>\n\n\n\n<div class=\"wp-block-column is-layout-flow wp-block-column-is-layout-flow\" style=\"flex-basis:40%\">\n<h2 class=\"wp-block-heading has-allura-font-family has-x-large-font-size\">Clara Massaro<\/h2>\n\n\n\n<p>Clara ist eine erfahrene Walbeobachtungsf\u00fchrerin, die bereits in verschiedenen Teilen der Welt mit Meerestieren gearbeitet hat. Ihre Leidenschaft f\u00fcr den Ozean hat sie dazu gebracht, entlang verschiedener Meeresumgebungen und K\u00fcsten zu arbeiten, immer angetrieben von einem tiefen Respekt f\u00fcr wilde Tiere und ihre nat\u00fcrlichen Verhaltensweisen.<\/p>\n\n\n\n<p>Sie ist der Meinung, dass Wale und Delfine in ihrem wahren Element beobachtet werden sollten - frei, ungest\u00f6rt und mit Respekt. F\u00fcr Clara geht es bei der verantwortungsvollen Walbeobachtung um Bildung, Verbundenheit und den Schutz der wilden Gebiete, die diese Tiere ihr Zuhause nennen.<\/p>\n\n\n\n<p><\/p>\n<\/div>\n<\/div>\n<\/div>","protected":false},"excerpt":{"rendered":"<p>Meet our team Ocean lovers, researchers and founders of Wise Whale Project-committed to ethical whale watching and marine conservation Clara Massaro Co-Founder &amp; Marine Biologist Florine Martineau Co-Founder &amp; Marine Biologist Florine Martineau Florine is a dedicated whale watching guide and marine researcher with a deep love for the ocean and its wildlife. Her work [&hellip;]<\/p>\n","protected":false},"author":2,"featured_media":0,"parent":0,"menu_order":0,"comment_status":"closed","ping_status":"closed","template":"","meta":{"footnotes":""},"class_list":["post-553","page","type-page","status-publish","hentry"],"_links":{"self":[{"href":"https:\/\/wisewhaleproject.com\/de\/wp-json\/wp\/v2\/pages\/553","targetHints":{"allow":["GET"]}}],"collection":[{"href":"https:\/\/wisewhaleproject.com\/de\/wp-json\/wp\/v2\/pages"}],"about":[{"href":"https:\/\/wisewhaleproject.com\/de\/wp-json\/wp\/v2\/types\/page"}],"author":[{"embeddable":true,"href":"https:\/\/wisewhaleproject.com\/de\/wp-json\/wp\/v2\/users\/2"}],"replies":[{"embeddable":true,"href":"https:\/\/wisewhaleproject.com\/de\/wp-json\/wp\/v2\/comments?post=553"}],"version-history":[{"count":24,"href":"https:\/\/wisewhaleproject.com\/de\/wp-json\/wp\/v2\/pages\/553\/revisions"}],"predecessor-version":[{"id":830,"href":"https:\/\/wisewhaleproject.com\/de\/wp-json\/wp\/v2\/pages\/553\/revisions\/830"}],"wp:attachment":[{"href":"https:\/\/wisewhaleproject.com\/de\/wp-json\/wp\/v2\/media?parent=553"}],"curies":[{"name":"WordPress","href":"https:\/\/api.w.org\/{rel}","templated":true}]}}