{"id":598,"date":"2026-02-18T13:33:21","date_gmt":"2026-02-18T13:33:21","guid":{"rendered":"https:\/\/wisewhaleproject.com\/?page_id=598"},"modified":"2026-04-09T11:27:42","modified_gmt":"2026-04-09T10:27:42","slug":"our-research-whalewatching","status":"publish","type":"page","link":"https:\/\/wisewhaleproject.com\/de\/our-research-whalewatching\/","title":{"rendered":"Unsere Forschung"},"content":{"rendered":"<p class=\"has-text-align-center has-bellota-font-family has-x-large-font-size\">UNSERE FORSCHUNG<\/p>\n\n\n\n<p>Unsere Forschung ist darauf ausgerichtet, in jedem Gebiet, in dem wir t\u00e4tig sind, grundlegende \u00f6kologische Erkenntnisse zu gewinnen. Wir konzentrieren uns darauf, festzustellen, welche Wal- und Delfinarten vorkommen, ob es sich um ans\u00e4ssige oder wandernde Populationen handelt, und zu verstehen, wie diese Arten den Lebensraum im Laufe des Jahres nutzen.<\/p>\n\n\n\n<p>Die Datenerfassung erfolgt mit nicht-invasiven wissenschaftlichen Methoden, in erster Linie durch Fotoidentifizierung. Hochwertige Bilder von R\u00fcckenflossen, Fluken und charakteristischen nat\u00fcrlichen Markierungen erm\u00f6glichen es uns, einzelne Tiere bei Begegnungen zu erkennen. Dies erm\u00f6glicht die Analyse der Standorttreue, der Bewegungsmuster, der Sozialstruktur und der langfristigen Populationsdynamik.<\/p>\n\n\n\n<p>Wiederholte Beobachtungen tragen zur schrittweisen Entwicklung eines strukturierten Identifikationskatalogs bei. Mit der Zeit wird dieser Katalog zu einem wertvollen Instrument f\u00fcr die \u00dcberwachung der Populationsstabilit\u00e4t, die Erkennung von Ver\u00e4nderungen in der Verbreitung und die Unterst\u00fctzung von Managemententscheidungen, die auf die Erhaltung der Art ausgerichtet sind.<\/p>\n\n\n\n<figure class=\"wp-block-image size-large\"><img loading=\"lazy\" decoding=\"async\" width=\"1024\" height=\"683\" src=\"https:\/\/wisewhaleproject.com\/wp-content\/uploads\/2025\/12\/IMG_7991-1024x683.jpg\" alt=\"\" class=\"wp-image-204\" srcset=\"https:\/\/wisewhaleproject.com\/wp-content\/uploads\/2025\/12\/IMG_7991-1024x683.jpg 1024w, https:\/\/wisewhaleproject.com\/wp-content\/uploads\/2025\/12\/IMG_7991-300x200.jpg 300w, https:\/\/wisewhaleproject.com\/wp-content\/uploads\/2025\/12\/IMG_7991-768x512.jpg 768w, https:\/\/wisewhaleproject.com\/wp-content\/uploads\/2025\/12\/IMG_7991-1536x1024.jpg 1536w, https:\/\/wisewhaleproject.com\/wp-content\/uploads\/2025\/12\/IMG_7991-2048x1365.jpg 2048w\" sizes=\"auto, (max-width: 1024px) 100vw, 1024px\" \/><figcaption class=\"wp-element-caption\">OLYMPUS DIGITALKAMERA<\/figcaption><\/figure>\n\n\n\n<p>Unsere Delfin- und Walbeobachtungsreisen sind direkt in diese Forschungsarbeit integriert. Die G\u00e4ste nehmen an einem Modell des verantwortungsvollen Meeres\u00f6kotourismus teil, bei dem der Tourismus die Wissenschaft und die Wissenschaft den Naturschutz unterst\u00fctzt.<\/p>\n\n\n\n<p>Auf diese Weise tr\u00e4gt jede Begegnung auf See zu einem umfassenderen Verst\u00e4ndnis der \u00d6kologie der Wale in verschiedenen Regionen und k\u00fcnftigen Zielgebieten bei.<\/p>\n\n\n\n<p>Beim Wise Whale Project ist die Forschung kein Zusatz zu unserer Arbeit - sie ist die Grundlage daf\u00fcr. Durch die Kombination von Feldforschung, verantwortungsbewusster Walbeobachtung und \u00f6ffentlichem Engagement wollen wir jede Reise in einen sinnvollen Beitrag zum Meereswissen verwandeln. Unsere langfristige Vision ist es, regionalspezifische Kataloge zu erstellen, zu wissenschaftlichen Netzwerken beizutragen und den Schutz von Walen und Delfinen in allen von uns erforschten Gebieten zu unterst\u00fctzen.<\/p>\n\n\n\n<p><\/p>\n\n\n\n<p><\/p>","protected":false},"excerpt":{"rendered":"<p>OUR RESEARCH Our research is designed to generate baseline ecological knowledge in every area where we operate. We focus on identifying which cetacean species are present, assessing whether populations are resident or migratory, and understanding how these species use the habitat throughout the year. Data collection is conducted using non-invasive scientific methods, primarily photo-identification. High-quality [&hellip;]<\/p>\n","protected":false},"author":2,"featured_media":0,"parent":0,"menu_order":0,"comment_status":"closed","ping_status":"closed","template":"","meta":{"footnotes":""},"class_list":["post-598","page","type-page","status-publish","hentry"],"_links":{"self":[{"href":"https:\/\/wisewhaleproject.com\/de\/wp-json\/wp\/v2\/pages\/598","targetHints":{"allow":["GET"]}}],"collection":[{"href":"https:\/\/wisewhaleproject.com\/de\/wp-json\/wp\/v2\/pages"}],"about":[{"href":"https:\/\/wisewhaleproject.com\/de\/wp-json\/wp\/v2\/types\/page"}],"author":[{"embeddable":true,"href":"https:\/\/wisewhaleproject.com\/de\/wp-json\/wp\/v2\/users\/2"}],"replies":[{"embeddable":true,"href":"https:\/\/wisewhaleproject.com\/de\/wp-json\/wp\/v2\/comments?post=598"}],"version-history":[{"count":7,"href":"https:\/\/wisewhaleproject.com\/de\/wp-json\/wp\/v2\/pages\/598\/revisions"}],"predecessor-version":[{"id":902,"href":"https:\/\/wisewhaleproject.com\/de\/wp-json\/wp\/v2\/pages\/598\/revisions\/902"}],"wp:attachment":[{"href":"https:\/\/wisewhaleproject.com\/de\/wp-json\/wp\/v2\/media?parent=598"}],"curies":[{"name":"WordPress","href":"https:\/\/api.w.org\/{rel}","templated":true}]}}