{"id":623,"date":"2026-02-21T12:04:28","date_gmt":"2026-02-21T12:04:28","guid":{"rendered":"https:\/\/wisewhaleproject.com\/?page_id=623"},"modified":"2026-04-09T11:25:16","modified_gmt":"2026-04-09T10:25:16","slug":"responsible-cetacean-observation","status":"publish","type":"page","link":"https:\/\/wisewhaleproject.com\/de\/responsible-cetacean-observation\/","title":{"rendered":"Verantwortungsvolle Wal- und Delfinbeobachtung"},"content":{"rendered":"<p class=\"has-text-align-center has-bellota-font-family has-x-large-font-size\" style=\"text-transform:uppercase\">Verantwortungsvolle Wal- und Delfinbeobachtung<\/p>\n\n\n\n<p>Die Beobachtung von Walen und Delfinen ist eine wunderbare M\u00f6glichkeit, mit dem Leben im Meer in Kontakt zu kommen, und f\u00f6rdert die Wertsch\u00e4tzung und die Bem\u00fchungen zum Schutz der Tiere. Die Beobachtung dieser majest\u00e4tischen Kreaturen in ihrem nat\u00fcrlichen Lebensraum unterst\u00fctzt den \u00d6kotourismus, f\u00f6rdert die Bildung und tr\u00e4gt zur wissenschaftlichen Forschung bei. Unverantwortliche Praktiken k\u00f6nnen diese Tiere jedoch belasten, verletzen oder sogar gef\u00e4hrden. Deshalb ist die Einhaltung ethischer Richtlinien f\u00fcr ein sicheres und nachhaltiges Erlebnis unerl\u00e4sslich.<\/p>\n\n\n\n<p>Letztendlich stellt sich die Frage: Warum beobachten wir Wale? Schlie\u00dflich wirkt sich unsere blo\u00dfe Anwesenheit auf die Tiere aus. Wenn wir uns daf\u00fcr entscheiden, m\u00fcssen wir es auf die bestm\u00f6gliche Art und Weise tun, indem wir unsere Auswirkungen minimieren und so wenig wie m\u00f6glich in das Verhalten der Tiere und ihren nat\u00fcrlichen Lebensraum eingreifen.<\/p>\n\n\n\n<p>Wenn wir verantwortungsbewusst vorgehen und unsere Ma\u00dfnahmen auf Daten st\u00fctzen und uns an Regeln zur Minimierung unserer Auswirkungen halten, kann es sich positiv auswirken, wenn wir die Menschen dazu bringen, die Sch\u00f6nheit dieser Tiere in ihrem nat\u00fcrlichen Lebensraum zu erleben. Ihre Lebensweise aus erster Hand zu erleben, kann den Einzelnen dazu inspirieren, kleine, sinnvolle Verhaltensweisen anzunehmen, die ihren Schutz unterst\u00fctzen. Dar\u00fcber hinaus kann es von Besuchen in Gefangenschaftseinrichtungen abhalten und eine gr\u00f6\u00dfere Wertsch\u00e4tzung f\u00fcr die Beobachtung dieser gro\u00dfartigen Kreaturen dort f\u00f6rdern, wo sie wirklich hingeh\u00f6ren.<\/p>\n\n\n\n<figure class=\"wp-block-image size-large\"><img loading=\"lazy\" decoding=\"async\" width=\"1024\" height=\"683\" src=\"https:\/\/wisewhaleproject.com\/wp-content\/uploads\/2025\/12\/IMG_6769-1024x683.jpg\" alt=\"\" class=\"wp-image-170\" srcset=\"https:\/\/wisewhaleproject.com\/wp-content\/uploads\/2025\/12\/IMG_6769-1024x683.jpg 1024w, https:\/\/wisewhaleproject.com\/wp-content\/uploads\/2025\/12\/IMG_6769-300x200.jpg 300w, https:\/\/wisewhaleproject.com\/wp-content\/uploads\/2025\/12\/IMG_6769-768x512.jpg 768w, https:\/\/wisewhaleproject.com\/wp-content\/uploads\/2025\/12\/IMG_6769-1536x1024.jpg 1536w, https:\/\/wisewhaleproject.com\/wp-content\/uploads\/2025\/12\/IMG_6769-2048x1365.jpg 2048w\" sizes=\"auto, (max-width: 1024px) 100vw, 1024px\" \/><\/figure>\n\n\n\n<p class=\"has-medium-font-size\"><strong>Was ist \u201cBEST PRACTICE\u201d?<\/strong><br><\/p>\n\n\n\n<p class=\"has-medium-font-size\">Best Practices f\u00fcr die Wal- und Delfinbeobachtung umfassen Richtlinien, ethische Grunds\u00e4tze und Prinzipien, die sicherstellen, dass die Aktivit\u00e4ten verantwortungsvoll durchgef\u00fchrt werden. Sie zielen darauf ab, negative Auswirkungen auf die Wale und die Umwelt zu minimieren, die Kundenzufriedenheit zu erh\u00f6hen und den lokalen Gemeinschaften positive Vorteile zu bieten.<\/p>\n\n\n\n<p>Zu den bew\u00e4hrten Praktiken von Reiseveranstaltern geh\u00f6ren eine vorsichtige Handhabung der Boote und die strikte Einhaltung der Vorschriften, um St\u00f6rungen der Tiere zu vermeiden. Es ist wichtig, sowohl die kurz- als auch die langfristigen Auswirkungen der Wal- und Delfinbeobachtung auf die Wal- und Delfinpopulationen zu minimieren.<\/p>\n\n\n\n<p>Schlecht gef\u00fchrter Tourismus kann Walpopulationen schaden:<br>Unterbrechung kritischer Verhaltensweisen: St\u00f6rungen k\u00f6nnen Wale und Delfine von wichtigen Aktivit\u00e4ten wie Fressen, Ruhen und Sozialkontakten abhalten. Mit der Zeit kann dies den Fortpflanzungserfolg, die \u00dcberlebensrate der K\u00e4lber und die allgemeine Fitness beeintr\u00e4chtigen.<br>Verdr\u00e4ngung der Population: Wenn der Tourismusdruck die Vorteile des Verbleibs in einem Lebensraum \u00fcberwiegt, k\u00f6nnen Wale und Delfine das Gebiet verlassen. Dies k\u00f6nnte sie in weniger ideale Umgebungen mit geringerem Nahrungsangebot zwingen, was den Stress und den Energieaufwand erh\u00f6ht.<br>K\u00f6rperliche Verletzungen oder Todesf\u00e4lle durch Bootsunf\u00e4lle: Die zunehmende Zahl unregulierter Touristenboote, hohe Geschwindigkeiten und unberechenbare Man\u00f6ver gef\u00e4hrden die Wale und Delfine. In einigen F\u00e4llen gew\u00f6hnen sich Wale und Delfine an Boote, was ihr nat\u00fcrliches Vermeidungsverhalten reduziert und sie anf\u00e4lliger f\u00fcr Kollisionen macht.<\/p>\n\n\n\n<p>In den letzten Jahren haben verschiedene Institutionen Leitlinien und Vorschriften eingef\u00fchrt, um diesen Bedenken Rechnung zu tragen. Die Forschung weist jedoch weiterhin auf die negativen Auswirkungen der kommerziellen Wal- und Delfinbeobachtung an bestimmten Orten hin. W\u00e4hrend einige Regionen erfolgreich staatliche Vorschriften oder freiwillige Verhaltenskodizes eingef\u00fchrt haben, sind die Ergebnisse unterschiedlich.<\/p>\n\n\n\n<p>Letztlich sind bew\u00e4hrte Praktiken ein wichtiges Instrument, um diese Auswirkungen zu mindern und die Nachhaltigkeit der Walbeobachtung zu gew\u00e4hrleisten. Wenn diese Empfehlungen befolgt werden, kann die Aktivit\u00e4t \u00f6kologisch verantwortungsvoll, sicher f\u00fcr Tiere und Teilnehmer und vorteilhaft f\u00fcr die lokale Wirtschaft bleiben und gleichzeitig ihren erzieherischen, wirtschaftlichen und freizeitlichen Nutzen maximieren.<\/p>\n\n\n\n<p>Das ist wichtig:<\/p>\n\n\n\n<p>\u25cf Abstand einhalten: Es ist wichtig, einen sicheren Abstand zu den Tieren einzuhalten, um ihr nat\u00fcrliches Verhalten nicht zu st\u00f6ren. In Richtlinien wird oft empfohlen, mindestens 100 Meter Abstand zu halten.&nbsp;<\/p>\n\n\n\n<p>\u25cf L\u00e4rm minimieren: \u00dcberm\u00e4\u00dfiger L\u00e4rm von Booten oder anderen Aktivit\u00e4ten kann die Tiere st\u00f6ren und ihre Kommunikation, F\u00fctterung und Navigation beeintr\u00e4chtigen. Bei Walbeobachtungstouren wird empfohlen, leisere Boote zu benutzen und den L\u00e4rm zu minimieren.&nbsp;<\/p>\n\n\n\n<p>\u25cf Vermeiden Sie Bel\u00e4stigungen: Es ist wichtig, die Tiere nicht zu jagen, zu umzingeln oder zu versuchen, sie zu ber\u00fchren. Wenn man sie auf diese Weise st\u00f6rt, kann das Stress f\u00fcr sie bedeuten und ihre nat\u00fcrlichen Verhaltensweisen st\u00f6ren.&nbsp;<\/p>\n\n\n\n<p>\u25cf Bildung und Sensibilisierung: Die Versorgung der G\u00e4ste mit Informationen \u00fcber die Arten, ihr Verhalten und ihre Schutzbem\u00fchungen tr\u00e4gt dazu bei, das Bewusstsein und die Wertsch\u00e4tzung f\u00fcr die Tiere zu erh\u00f6hen. Die Aufkl\u00e4rung von Touristen \u00fcber verantwortungsbewusstes Whale Watching kann ein gr\u00f6\u00dferes Verst\u00e4ndnis f\u00fcr die Bedeutung des Schutzes der Meeresbewohner f\u00f6rdern. Dar\u00fcber hinaus tr\u00e4gt die Anwendung nachhaltiger und umweltfreundlicher Praktiken bei der Walbeobachtung, wie z. B. die Verwendung umweltfreundlicher Schiffe oder die Begrenzung des Treibstoffverbrauchs, zur Verringerung der Umweltauswirkungen dieser Aktivit\u00e4t bei.<\/p>\n\n\n\n<p class=\"has-text-align-center has-medium-font-size\"><strong>Das Wise Whale Project setzt sich f\u00fcr die Einhaltung bew\u00e4hrter Praktiken bei der Wal- und Delfinbeobachtung ein und hilft bei der Einf\u00fchrung eines verantwortungsvollen Verhaltenskodex in Regionen, in denen es noch keine solchen Richtlinien gibt.<\/strong>.<\/p>\n\n\n\n<p class=\"has-text-align-center has-base-2-color has-text-color has-link-color wp-elements-7cc39e2881cc8a843b40dfe506984371\">Weitere Informationen finden Sie unter <a href=\"https:\/\/wisewhale.org\" data-type=\"link\" data-id=\"https:\/\/wisewhale.org\"><strong>wisewhale@org<\/strong><\/a><\/p>\n\n\n\n<p><\/p>\n\n\n\n<p><\/p>","protected":false},"excerpt":{"rendered":"<p>Responsible Cetacean Observation Whale and dolphin watching is an incredible way to connect with marine life, fostering appreciation and conservation efforts. Observing these majestic creatures in their natural habitat supports ecotourism, promotes education, and contributes to scientific research. However, irresponsible practices can stress, injure, or even endanger these animals. That\u2019s why following ethical guidelines is [&hellip;]<\/p>\n","protected":false},"author":2,"featured_media":0,"parent":0,"menu_order":0,"comment_status":"closed","ping_status":"closed","template":"","meta":{"footnotes":""},"class_list":["post-623","page","type-page","status-publish","hentry"],"_links":{"self":[{"href":"https:\/\/wisewhaleproject.com\/de\/wp-json\/wp\/v2\/pages\/623","targetHints":{"allow":["GET"]}}],"collection":[{"href":"https:\/\/wisewhaleproject.com\/de\/wp-json\/wp\/v2\/pages"}],"about":[{"href":"https:\/\/wisewhaleproject.com\/de\/wp-json\/wp\/v2\/types\/page"}],"author":[{"embeddable":true,"href":"https:\/\/wisewhaleproject.com\/de\/wp-json\/wp\/v2\/users\/2"}],"replies":[{"embeddable":true,"href":"https:\/\/wisewhaleproject.com\/de\/wp-json\/wp\/v2\/comments?post=623"}],"version-history":[{"count":11,"href":"https:\/\/wisewhaleproject.com\/de\/wp-json\/wp\/v2\/pages\/623\/revisions"}],"predecessor-version":[{"id":900,"href":"https:\/\/wisewhaleproject.com\/de\/wp-json\/wp\/v2\/pages\/623\/revisions\/900"}],"wp:attachment":[{"href":"https:\/\/wisewhaleproject.com\/de\/wp-json\/wp\/v2\/media?parent=623"}],"curies":[{"name":"WordPress","href":"https:\/\/api.w.org\/{rel}","templated":true}]}}