{"id":813,"date":"2026-02-27T09:01:55","date_gmt":"2026-02-27T09:01:55","guid":{"rendered":"https:\/\/wisewhaleproject.com\/?page_id=813"},"modified":"2026-02-27T09:02:42","modified_gmt":"2026-02-27T09:02:42","slug":"813-2","status":"publish","type":"page","link":"https:\/\/wisewhaleproject.com\/de\/813-2\/","title":{"rendered":"Terms &#038; Conditions"},"content":{"rendered":"<p class=\"has-text-align-center has-bellota-font-family has-x-large-font-size\" style=\"text-transform:uppercase\">Bedingungen und Konditionen<\/p>\n\n\n\n<p>Wise Whale Projekt<\/p>\n\n\n\n<p>Zuletzt aktualisiert: 28\/02\/206<\/p>\n\n\n\n<p>1. Akzeptanz der Bedingungen<\/p>\n\n\n\n<p>Indem Sie eine Reise buchen oder unsere Website nutzen, erkl\u00e4ren Sie sich mit diesen Allgemeinen Gesch\u00e4ftsbedingungen einverstanden.<\/p>\n\n\n\n<p>Wise Whale Project bietet Whale-Watching und Meeresforschung in \u00dcbereinstimmung mit den maritimen Vorschriften Marokkos.<\/p>\n\n\n\n<p>2. Buchungen &amp; Zahlungen<\/p>\n\n\n\n<p>Alle Buchungen sind von der Verf\u00fcgbarkeit und Best\u00e4tigung abh\u00e4ngig.<\/p>\n\n\n\n<p>Eine Reservierung wird best\u00e4tigt, sobald die Zahlung eingegangen ist.<\/p>\n\n\n\n<p>Die Preise sind in Euro (\u20ac) angegeben.<\/p>\n\n\n\n<p>3. Annullierungen und Wetterpolitik<\/p>\n\n\n\n<p>Stornierungen von Kunden:<\/p>\n\n\n\n<p>Stornierungen, die mehr als 48 Stunden vor der Abfahrt erfolgen, k\u00f6nnen verschoben oder erstattet werden.<\/p>\n\n\n\n<p>Versp\u00e4tete Stornierungen und Nichterscheinen sind nicht erstattungsf\u00e4hig.<\/p>\n\n\n\n<p>Absagen von Unternehmen:<\/p>\n\n\n\n<p>Fahrten k\u00f6nnen aufgrund von Wetter-, Seegangs-, Sicherheits- oder Betriebsgr\u00fcnden abgesagt werden. In diesem Fall haben die Kunden die Wahl zwischen einem neuen Termin oder einer vollst\u00e4ndigen R\u00fcckerstattung.<\/p>\n\n\n\n<p>4. Haftungsausschluss f\u00fcr Wildtiere<\/p>\n\n\n\n<p>Das Wise Whale Project arbeitet in einer nat\u00fcrlichen Umgebung.<\/p>\n\n\n\n<p>Die Sichtung von Wildtieren kann nicht garantiert werden.<\/p>\n\n\n\n<p>Es werden keine R\u00fcckerstattungen gew\u00e4hrt, die nur auf dem Ausbleiben von Sichtungen bestimmter Arten beruhen.<\/p>\n\n\n\n<p>5. Sicherheit und Verantwortung<\/p>\n\n\n\n<p>Die Teilnehmer m\u00fcssen den Anweisungen der Besatzung jederzeit Folge leisten.<\/p>\n\n\n\n<p>Wise Whale Project kann die Teilnahme verweigern, wenn die Sicherheit gef\u00e4hrdet ist.<\/p>\n\n\n\n<p>Die Kunden m\u00fcssen uns vor der Abreise \u00fcber alle relevanten medizinischen Bedingungen informieren.<\/p>\n\n\n\n<p>Die Teilnahme erfolgt auf eigenes Risiko des Kunden.<\/p>\n\n\n\n<p>6. Haftung<\/p>\n\n\n\n<p>Wise Whale Project verf\u00fcgt \u00fcber die nach dem Recht des K\u00f6nigreichs Marokko erforderliche Versicherung.<\/p>\n\n\n\n<p>Wir sind nicht verantwortlich f\u00fcr den Verlust von pers\u00f6nlichen Gegenst\u00e4nden oder Versp\u00e4tungen, die durch das Wetter oder die Schifffahrtsbeh\u00f6rden verursacht werden. Die Haftung ist auf den Wert der gebuchten Leistung beschr\u00e4nkt.<\/p>\n\n\n\n<p>7. Forschung &amp; Medien<\/p>\n\n\n\n<p>Die Fahrten k\u00f6nnen Meeresforschungst\u00e4tigkeiten wie z. B. Fotoidentifizierung beinhalten.<\/p>\n\n\n\n<p>Fotos oder Videos k\u00f6nnen zu Bildungs- oder Werbezwecken aufgenommen werden. Bitte informieren Sie uns im Voraus, wenn Sie nicht in den Medien erscheinen m\u00f6chten.<\/p>\n\n\n\n<p>8. Geltendes Recht<\/p>\n\n\n\n<p>Diese Allgemeinen Gesch\u00e4ftsbedingungen unterliegen den Gesetzen des K\u00f6nigreichs Marokko.<\/p>","protected":false},"excerpt":{"rendered":"<p>Terms &amp; conditions Wise Whale Project Last updated: 28\/02\/206 1. Acceptance of Terms By booking a trip or using our website, you agree to these Terms &amp; Conditions. Wise Whale Project operates whale-watching and marine research experiences in accordance with Morocco maritime regulations. 2. Bookings &amp; Payments All bookings are subject to availability and confirmation. [&hellip;]<\/p>\n","protected":false},"author":2,"featured_media":0,"parent":0,"menu_order":0,"comment_status":"closed","ping_status":"closed","template":"","meta":{"footnotes":""},"class_list":["post-813","page","type-page","status-publish","hentry"],"_links":{"self":[{"href":"https:\/\/wisewhaleproject.com\/de\/wp-json\/wp\/v2\/pages\/813","targetHints":{"allow":["GET"]}}],"collection":[{"href":"https:\/\/wisewhaleproject.com\/de\/wp-json\/wp\/v2\/pages"}],"about":[{"href":"https:\/\/wisewhaleproject.com\/de\/wp-json\/wp\/v2\/types\/page"}],"author":[{"embeddable":true,"href":"https:\/\/wisewhaleproject.com\/de\/wp-json\/wp\/v2\/users\/2"}],"replies":[{"embeddable":true,"href":"https:\/\/wisewhaleproject.com\/de\/wp-json\/wp\/v2\/comments?post=813"}],"version-history":[{"count":2,"href":"https:\/\/wisewhaleproject.com\/de\/wp-json\/wp\/v2\/pages\/813\/revisions"}],"predecessor-version":[{"id":817,"href":"https:\/\/wisewhaleproject.com\/de\/wp-json\/wp\/v2\/pages\/813\/revisions\/817"}],"wp:attachment":[{"href":"https:\/\/wisewhaleproject.com\/de\/wp-json\/wp\/v2\/media?parent=813"}],"curies":[{"name":"WordPress","href":"https:\/\/api.w.org\/{rel}","templated":true}]}}