{"id":193,"date":"2025-12-02T13:33:18","date_gmt":"2025-12-02T13:33:18","guid":{"rendered":"https:\/\/wisewhaleproject.com\/?page_id=193"},"modified":"2026-02-25T15:11:25","modified_gmt":"2026-02-25T15:11:25","slug":"morocco","status":"publish","type":"page","link":"https:\/\/wisewhaleproject.com\/es\/morocco\/","title":{"rendered":"Marruecos"},"content":{"rendered":"<h2 class=\"wp-block-heading has-text-align-center has-bellota-font-family has-x-large-font-size\" style=\"text-transform:uppercase\">Marruecos: Una frontera inexplorada para los cet\u00e1ceos<\/h2>\n\n\n\n<p>La idea que subyace al Proyecto Wise Whale es que pueda moverse y crecer por todo el mundo, creando peque\u00f1as asociaciones locales en lugares que consideramos importantes desde el punto de vista estrat\u00e9gico y ecol\u00f3gico. Cada lugar representa un nuevo cap\u00edtulo de nuestro viaje: una forma de conectar con las comunidades locales, compartir conocimientos y promover la observaci\u00f3n responsable de ballenas y la concienciaci\u00f3n marina en diferentes regiones.<\/p>\n\n\n\n<p>Pero todo viaje necesita un punto de partida, y para nosotros, ese punto de partida es Marruecos.<\/p>\n\n\n\n<p>Marruecos ser\u00e1 el primer hogar del Proyecto Ballena Sabia, el lugar donde nuestra visi\u00f3n empieza a tomar forma, donde empezamos a construir conexiones entre las personas y el oc\u00e9ano de una forma m\u00e1s consciente y respetuosa.<\/p>\n\n\n\n<p>Elegimos Marruecos como punto de partida de nuestro viaje por dos razones principales.<\/p>\n\n\n\n<p>La primera es que, a diferencia de muchas otras regiones costeras, en Marruecos apenas hay actividad de avistamiento de ballenas. Esto significa que aqu\u00ed la vida marina no est\u00e1 sometida a la presi\u00f3n constante de numerosas embarcaciones u operaciones tur\u00edsticas. Creemos que no tiene mucho sentido crear otra empresa m\u00e1s en zonas donde los animales ya est\u00e1n rodeados de numerosas embarcaciones todos los d\u00edas. Una de las principales frustraciones que nos llev\u00f3 a poner en marcha Wise Whale Project fue ser testigos de la cantidad de estr\u00e9s que la actividad humana puede causar a los cet\u00e1ceos cuando demasiados operadores compiten por los mismos encuentros.<\/p>\n\n\n\n<p>Al iniciar nuestro viaje en un lugar donde operan pocos -o ning\u00fan- barco de avistamiento de ballenas, pretendemos garantizar que nuestra presencia no a\u00f1ada m\u00e1s perturbaciones al oc\u00e9ano. Por el contrario, queremos contribuir a un modelo m\u00e1s suave y respetuoso de observaci\u00f3n de la vida marina.<\/p>\n\n\n\n<figure class=\"wp-block-image size-large\"><img loading=\"lazy\" decoding=\"async\" width=\"1024\" height=\"683\" src=\"https:\/\/wisewhaleproject.com\/wp-content\/uploads\/2026\/02\/MG_0085-1024x683.jpg\" alt=\"\" class=\"wp-image-487\" srcset=\"https:\/\/wisewhaleproject.com\/wp-content\/uploads\/2026\/02\/MG_0085-1024x683.jpg 1024w, https:\/\/wisewhaleproject.com\/wp-content\/uploads\/2026\/02\/MG_0085-300x200.jpg 300w, https:\/\/wisewhaleproject.com\/wp-content\/uploads\/2026\/02\/MG_0085-768x512.jpg 768w, https:\/\/wisewhaleproject.com\/wp-content\/uploads\/2026\/02\/MG_0085-1536x1024.jpg 1536w, https:\/\/wisewhaleproject.com\/wp-content\/uploads\/2026\/02\/MG_0085-2048x1365.jpg 2048w\" sizes=\"auto, (max-width: 1024px) 100vw, 1024px\" \/><\/figure>\n\n\n\n<p>La segunda raz\u00f3n es la curiosidad cient\u00edfica. Se sabe muy poco sobre los cet\u00e1ceos de Marruecos. Esta regi\u00f3n, alrededor de M'diq en el Mar Mediterr\u00e1neo y cerca del Oc\u00e9ano Atl\u00e1ntico, es una zona rica en vida, pero todav\u00eda muy inexplorada en t\u00e9rminos de investigaci\u00f3n y seguimiento a largo plazo.<\/p>\n\n\n\n<p>Creemos que toda actividad responsable de observaci\u00f3n de cet\u00e1ceos debe ser tambi\u00e9n una plataforma de aprendizaje. Con el proyecto Wise Whale, esperamos recopilar datos valiosos, compartir conocimientos y ayudar a construir una imagen m\u00e1s clara de las especies que habitan estas aguas, c\u00f3mo utilizan esta zona y a qu\u00e9 amenazas pueden enfrentarse.<\/p>\n\n\n\n<p>Nuestro objetivo en Marruecos es sencillo pero ambicioso: explorar, aprender y proteger.<\/p>\n\n\n\n<p>Crear una nueva forma de estar en el mar, que respete tanto a los animales como el delicado equilibrio del ecosistema en el que viven.<\/p>\n\n\n\n<p><\/p>\n\n\n\n<p><\/p>","protected":false},"excerpt":{"rendered":"<p>Morocco: An Unexplored Cetacean Frontier The idea behind the Wise Whale Project is that it can move and grow around the world, creating small local partnerships in places we believe are strategically and ecologically important. Each location represents a new chapter of our journey \u2014 a way to connect with local communities, share knowledge, and [&hellip;]<\/p>\n","protected":false},"author":2,"featured_media":0,"parent":0,"menu_order":0,"comment_status":"closed","ping_status":"closed","template":"","meta":{"footnotes":""},"class_list":["post-193","page","type-page","status-publish","hentry"],"_links":{"self":[{"href":"https:\/\/wisewhaleproject.com\/es\/wp-json\/wp\/v2\/pages\/193","targetHints":{"allow":["GET"]}}],"collection":[{"href":"https:\/\/wisewhaleproject.com\/es\/wp-json\/wp\/v2\/pages"}],"about":[{"href":"https:\/\/wisewhaleproject.com\/es\/wp-json\/wp\/v2\/types\/page"}],"author":[{"embeddable":true,"href":"https:\/\/wisewhaleproject.com\/es\/wp-json\/wp\/v2\/users\/2"}],"replies":[{"embeddable":true,"href":"https:\/\/wisewhaleproject.com\/es\/wp-json\/wp\/v2\/comments?post=193"}],"version-history":[{"count":16,"href":"https:\/\/wisewhaleproject.com\/es\/wp-json\/wp\/v2\/pages\/193\/revisions"}],"predecessor-version":[{"id":790,"href":"https:\/\/wisewhaleproject.com\/es\/wp-json\/wp\/v2\/pages\/193\/revisions\/790"}],"wp:attachment":[{"href":"https:\/\/wisewhaleproject.com\/es\/wp-json\/wp\/v2\/media?parent=193"}],"curies":[{"name":"wp","href":"https:\/\/api.w.org\/{rel}","templated":true}]}}