{"id":222,"date":"2025-12-17T14:56:21","date_gmt":"2025-12-17T14:56:21","guid":{"rendered":"https:\/\/wisewhaleproject.com\/?page_id=222"},"modified":"2026-04-07T11:36:23","modified_gmt":"2026-04-07T10:36:23","slug":"boat-tours-morocco","status":"publish","type":"page","link":"https:\/\/wisewhaleproject.com\/es\/boat-tours-morocco\/","title":{"rendered":"Our Trips"},"content":{"rendered":"<div class=\"wp-block-columns alignwide are-vertically-aligned-center is-not-stacked-on-mobile is-layout-flex wp-container-core-columns-is-layout-47c06fe3 wp-block-columns-is-layout-flex\">\n<div class=\"wp-block-column is-layout-flow wp-block-column-is-layout-flow\"><\/div>\n\n\n\n<div class=\"wp-block-column is-vertically-aligned-top is-layout-flow wp-block-column-is-layout-flow\" style=\"flex-basis:100%\">\n<h2 class=\"wp-block-heading has-text-align-center has-bellota-font-family has-x-large-font-size\" style=\"text-transform:uppercase\">Excursiones en barco para avistar ballenas y delfines Proyecto Wise Whale<\/h2>\n\n\n\n<p class=\"has-text-align-center\">\u00danase a nuestras excursiones en barco para avistar ballenas y delfines en Marruecos y explore el oc\u00e9ano con un bi\u00f3logo marino.<\/p>\n\n\n\n<div class=\"wp-block-group is-nowrap is-layout-flex wp-container-core-group-is-layout-6c531013 wp-block-group-is-layout-flex\">\n<figure class=\"wp-block-image size-large wp-container-content-e0b89f81\"><img loading=\"lazy\" decoding=\"async\" width=\"1024\" height=\"277\" src=\"https:\/\/wisewhaleproject.com\/wp-content\/uploads\/2026\/02\/Motor-boat-icon-e1771939506150-1024x277.png\" alt=\"\" class=\"wp-image-678\" srcset=\"https:\/\/wisewhaleproject.com\/wp-content\/uploads\/2026\/02\/Motor-boat-icon-e1771939506150-1024x277.png 1024w, https:\/\/wisewhaleproject.com\/wp-content\/uploads\/2026\/02\/Motor-boat-icon-e1771939506150-300x81.png 300w, https:\/\/wisewhaleproject.com\/wp-content\/uploads\/2026\/02\/Motor-boat-icon-e1771939506150-768x208.png 768w, https:\/\/wisewhaleproject.com\/wp-content\/uploads\/2026\/02\/Motor-boat-icon-e1771939506150.png 1487w\" sizes=\"auto, (max-width: 1024px) 100vw, 1024px\" \/><\/figure>\n\n\n\n<h2 class=\"wp-block-heading has-base-color has-text-color has-link-color has-large-font-size wp-elements-a489e74af5c2bdaa7b519e96ac417f61\" style=\"text-transform:uppercase\"><strong>1. <\/strong><strong>Excursi\u00f3n en barco para avistar delfines<\/strong> <\/h2>\n<\/div>\n\n\n\n\n\n\n<p class=\"has-text-align-center\" style=\"text-transform:uppercase\">Una experiencia en alta mar con bi\u00f3logos marinos<\/p>\n\n\n\n<p>Esta experiencia est\u00e1 dise\u00f1ada para hu\u00e9spedes que desean explorar el mar abierto y aprender sobre la vida marina. La excursi\u00f3n dura dos horas y nos aleja de la costa, adentr\u00e1ndonos mar adentro en busca de delfines y otros mam\u00edferos marinos.<\/p>\n\n\n\n<p>Esta excursi\u00f3n est\u00e1 limitada a un m\u00e1ximo de ocho personas, lo que garantiza una experiencia tranquila, respetuosa y personal. A bordo, le acompa\u00f1ar\u00e1n un patr\u00f3n profesional y un gu\u00eda bi\u00f3logo marino, que compartir\u00e1n sus conocimientos sobre los cet\u00e1ceos, su comportamiento y el ecosistema en el que viven.<\/p>\n\n\n\n<p>La atenci\u00f3n se centra en los cet\u00e1ceos, especialmente los delfines. El viaje es educativo e interactivo, y ofrece un ambiente agradable y relajado en el que se le anima a hacer preguntas, observar de forma responsable y conectar con el oc\u00e9ano en un entorno tranquilo e \u00edntimo.<\/p>\n\n\n\n<p>Esta es una experiencia de avistamiento de cet\u00e1ceos basada en la investigaci\u00f3n. Durante el viaje haremos:<\/p>\n\n\n\n<p>-Foto id<\/p>\n\n\n\n<p>-Recogida de datos<\/p>\n\n\n\n<p>-Contributing to knowledge of an underexplored region.<\/p>\n\n\n\n<div class=\"wp-block-group is-nowrap is-layout-flex wp-container-core-group-is-layout-6c531013 wp-block-group-is-layout-flex\">\n<div class=\"wp-block-group is-nowrap is-layout-flex wp-container-core-group-is-layout-6c531013 wp-block-group-is-layout-flex\">\n<figure class=\"wp-block-image size-full wp-container-content-b04ba3db\"><img loading=\"lazy\" decoding=\"async\" width=\"880\" height=\"934\" src=\"https:\/\/wisewhaleproject.com\/wp-content\/uploads\/2026\/02\/sailboat-icon-e1771936808290.png\" alt=\"\" class=\"wp-image-677\" srcset=\"https:\/\/wisewhaleproject.com\/wp-content\/uploads\/2026\/02\/sailboat-icon-e1771936808290.png 880w, https:\/\/wisewhaleproject.com\/wp-content\/uploads\/2026\/02\/sailboat-icon-e1771936808290-283x300.png 283w, https:\/\/wisewhaleproject.com\/wp-content\/uploads\/2026\/02\/sailboat-icon-e1771936808290-768x815.png 768w\" sizes=\"auto, (max-width: 880px) 100vw, 880px\" \/><\/figure>\n\n\n\n<h2 class=\"wp-block-heading has-base-color has-text-color has-link-color has-large-font-size wp-elements-1f0db15d794724de5d6fdeeab830c1f1\" style=\"text-transform:uppercase\"><strong>2. Paseo costero en velero<\/strong> <\/h2>\n<\/div>\n<\/div>\n\n\n\n<p>Rel\u00e1jese, explore y disfrute de la costa marroqu\u00ed<\/p>\n\n\n\n\n\n\n<p class=\"has-text-align-center has-large-font-size\" style=\"text-transform:uppercase\"><strong>Excursi\u00f3n de medio d\u00eda, 4 horas<\/strong><\/p>\n\n\n\n<p>Nuestras excursiones en velero est\u00e1n pensadas para quienes desean bajar el ritmo y disfrutar de la belleza del litoral marroqu\u00ed.<\/p>\n\n\n\n<p>This option offers a more relaxed and scenic experience with a special focus on the Tetouan coastal area. The trip takes place on a sailing boat and is ideal for enjoying the sea, the landscape, and a slower pace. We will also take a break to enjoy some snorkelling in the beautiful water.<\/p>\n\n\n\n<p>Y si aparecen delfines durante el viaje, los observaremos respetuosamente como parte de la experiencia.<\/p>\n\n\n\n<div class=\"wp-block-columns is-layout-flex wp-container-core-columns-is-layout-28f84493 wp-block-columns-is-layout-flex\">\n<div class=\"wp-block-column is-layout-flow wp-block-column-is-layout-flow\">\n<p><\/p>\n\n\n\n<p class=\"has-text-align-center has-large-font-size\" style=\"text-transform:uppercase\"><\/p>\n\n\n\n<p><\/p>\n<\/div>\n<\/div>\n\n\n\n<p><\/p>\n<\/div>\n<\/div>","protected":false},"excerpt":{"rendered":"<p>Whale and Dolphin Watching Boat tours Wise Whale Project Join our whale and dolphin watching boat trips in Morocco and explore the ocean with marine biologist. 1. Dolphin Watching Boat Tour An Offshore Experience with Marine Biologists This experience is designed for guests who want to explore the open sea and learn about marine life. [&hellip;]<\/p>\n","protected":false},"author":2,"featured_media":0,"parent":0,"menu_order":0,"comment_status":"closed","ping_status":"closed","template":"","meta":{"footnotes":""},"class_list":["post-222","page","type-page","status-publish","hentry"],"_links":{"self":[{"href":"https:\/\/wisewhaleproject.com\/es\/wp-json\/wp\/v2\/pages\/222","targetHints":{"allow":["GET"]}}],"collection":[{"href":"https:\/\/wisewhaleproject.com\/es\/wp-json\/wp\/v2\/pages"}],"about":[{"href":"https:\/\/wisewhaleproject.com\/es\/wp-json\/wp\/v2\/types\/page"}],"author":[{"embeddable":true,"href":"https:\/\/wisewhaleproject.com\/es\/wp-json\/wp\/v2\/users\/2"}],"replies":[{"embeddable":true,"href":"https:\/\/wisewhaleproject.com\/es\/wp-json\/wp\/v2\/comments?post=222"}],"version-history":[{"count":70,"href":"https:\/\/wisewhaleproject.com\/es\/wp-json\/wp\/v2\/pages\/222\/revisions"}],"predecessor-version":[{"id":845,"href":"https:\/\/wisewhaleproject.com\/es\/wp-json\/wp\/v2\/pages\/222\/revisions\/845"}],"wp:attachment":[{"href":"https:\/\/wisewhaleproject.com\/es\/wp-json\/wp\/v2\/media?parent=222"}],"curies":[{"name":"wp","href":"https:\/\/api.w.org\/{rel}","templated":true}]}}