{"id":24,"date":"2025-12-01T10:04:00","date_gmt":"2025-12-01T10:04:00","guid":{"rendered":"https:\/\/wisewhaleproject.com\/?page_id=24"},"modified":"2026-04-09T11:26:51","modified_gmt":"2026-04-09T10:26:51","slug":"about-wise-whale-project","status":"publish","type":"page","link":"https:\/\/wisewhaleproject.com\/es\/about-wise-whale-project\/","title":{"rendered":"About us"},"content":{"rendered":"<p class=\"has-text-align-center has-bellota-font-family has-x-large-font-size\">SOBRE NOSOTROS<\/p>\n\n\n\n<p>El Proyecto Wise Whale naci\u00f3 tras muchos a\u00f1os de experiencia tanto en la industria de la observaci\u00f3n de ballenas como en la investigaci\u00f3n de cet\u00e1ceos. Somos dos bi\u00f3logos marinos que empezamos nuestra andadura por separado -cada uno impulsado por una profunda fascinaci\u00f3n por el oc\u00e9ano- y que acabamos conoci\u00e9ndonos mientras trabaj\u00e1bamos juntos en el mar. Entre los dos tenemos m\u00e1s de veinte a\u00f1os de experiencia combinada en el campo marino, desde proyectos de investigaci\u00f3n centrados en cet\u00e1ceos y otras formas de vida marina hasta a\u00f1os de trabajo en barcos de avistamiento de cet\u00e1ceos.<\/p>\n\n\n\n<p>Con el tiempo, ambos llegamos a un punto en el que sent\u00edamos que nos faltaba algo. A pesar de pasar nuestros d\u00edas en el oc\u00e9ano, empezamos a sentirnos desconectados de lo que nos hab\u00eda inspirado en un principio. Nos encontr\u00e1bamos llevando a grupos de personas a ver delfines y ballenas, no para aprender sobre ellos, ni para conectar con ellos, sino simplemente para entretener. Empezamos a sentirnos como si conduj\u00e9ramos un taxi sobre el agua: llev\u00e1bamos pasajeros, les ense\u00f1\u00e1bamos los animales, volv\u00edamos y repet\u00edamos la misma rutina, d\u00eda tras d\u00eda, mientras las empresas obten\u00edan grandes beneficios pero aprend\u00edan poco sobre el oc\u00e9ano o sus habitantes.<\/p>\n\n\n\n<p class=\"has-base-2-color has-text-color has-link-color wp-elements-687761ef5d83bb7a5f1f6a769d216a19\">Empezamos<a href=\"https:\/\/wisewhale.org\">&nbsp;Wisewhale.org,<\/a> our first work and website. It is a project created from the heart, to help people understand what lies behind the&nbsp;whale-watching industry \u2014 how to choose responsible operators, what to expect at sea, and how marketing and profit-driven tourism can shape our expectations in ways that don\u2019t always serve the animals\u2019 best interests.<\/p>\n\n\n\n<p>A lo largo de nuestros viajes por todo el mundo, fuimos testigos de muchas formas diferentes de hacer avistamiento de ballenas. En algunos lugares se hac\u00eda con gran respeto, \u00e9tica y c\u00f3digos de conducta claros. En otros, por desgracia, se trataba de un mero negocio: hacer feliz a la gente a cualquier precio, incluso a costa del bienestar de los animales.<\/p>\n\n\n\n<p>Este viaje nos llev\u00f3 a dar un salto de fe y crear nuestro propio camino: el Proyecto Ballena Sabia. Nuestra idea era sencilla: volver al oc\u00e9ano y hacer las cosas bien. Crear experiencias que no se limitasen a ver ballenas y delfines, sino a comprenderlos.<\/p>\n\n\n\n<p>Queremos un prop\u00f3sito m\u00e1s all\u00e1 del beneficio. Nuestro objetivo es inspirar un nuevo enfoque de la observaci\u00f3n de ballenas: uno que valore el respeto, la educaci\u00f3n y la conexi\u00f3n genuina por encima del entretenimiento.<\/p>\n\n\n\n<figure class=\"wp-block-image size-full\"><img loading=\"lazy\" decoding=\"async\" width=\"1073\" height=\"449\" src=\"https:\/\/wisewhaleproject.com\/wp-content\/uploads\/2025\/12\/1000036786-1.jpg\" alt=\"\" class=\"wp-image-189\" style=\"aspect-ratio:16\/9;object-fit:cover\" srcset=\"https:\/\/wisewhaleproject.com\/wp-content\/uploads\/2025\/12\/1000036786-1.jpg 1073w, https:\/\/wisewhaleproject.com\/wp-content\/uploads\/2025\/12\/1000036786-1-300x126.jpg 300w, https:\/\/wisewhaleproject.com\/wp-content\/uploads\/2025\/12\/1000036786-1-1024x428.jpg 1024w, https:\/\/wisewhaleproject.com\/wp-content\/uploads\/2025\/12\/1000036786-1-768x321.jpg 768w\" sizes=\"auto, (max-width: 1073px) 100vw, 1073px\" \/><\/figure>\n\n\n\n<p>Cuando llevamos a la gente al mar, nuestro objetivo no es s\u00f3lo ofrecer un espect\u00e1culo, sino despertar la curiosidad, el amor y el respeto por la incre\u00edble vida que comparte este planeta con nosotros. Creemos que una vez que la gente entienda de verdad el oc\u00e9ano y sus criaturas, se sentir\u00e1 inspirada para cuidarlos y protegerlos.<\/p>\n\n\n\n<p>Because, in the end, the ocean doesn\u2019t revolve around us \u2014 we are just one small part of a much greater world, shared with beings as remarkable and as important as ourselves.<\/p>\n\n\n\n<p><\/p>\n\n\n\n<p><\/p>","protected":false},"excerpt":{"rendered":"<p>ABOUT US The Wise Whale Project was born after many years of experience in both the&nbsp;whale-watching industry and cetacean research. We are two marine biologists who began our journeys separately \u2014 each driven by a deep fascination with the ocean \u2014 and eventually met while working together at sea. Between us, we have over twenty [&hellip;]<\/p>\n","protected":false},"author":2,"featured_media":0,"parent":0,"menu_order":0,"comment_status":"closed","ping_status":"closed","template":"","meta":{"footnotes":""},"class_list":["post-24","page","type-page","status-publish","hentry"],"_links":{"self":[{"href":"https:\/\/wisewhaleproject.com\/es\/wp-json\/wp\/v2\/pages\/24","targetHints":{"allow":["GET"]}}],"collection":[{"href":"https:\/\/wisewhaleproject.com\/es\/wp-json\/wp\/v2\/pages"}],"about":[{"href":"https:\/\/wisewhaleproject.com\/es\/wp-json\/wp\/v2\/types\/page"}],"author":[{"embeddable":true,"href":"https:\/\/wisewhaleproject.com\/es\/wp-json\/wp\/v2\/users\/2"}],"replies":[{"embeddable":true,"href":"https:\/\/wisewhaleproject.com\/es\/wp-json\/wp\/v2\/comments?post=24"}],"version-history":[{"count":30,"href":"https:\/\/wisewhaleproject.com\/es\/wp-json\/wp\/v2\/pages\/24\/revisions"}],"predecessor-version":[{"id":901,"href":"https:\/\/wisewhaleproject.com\/es\/wp-json\/wp\/v2\/pages\/24\/revisions\/901"}],"wp:attachment":[{"href":"https:\/\/wisewhaleproject.com\/es\/wp-json\/wp\/v2\/media?parent=24"}],"curies":[{"name":"wp","href":"https:\/\/api.w.org\/{rel}","templated":true}]}}