{"id":339,"date":"2026-02-11T14:20:41","date_gmt":"2026-02-11T14:20:41","guid":{"rendered":"https:\/\/wisewhaleproject.com\/?page_id=339"},"modified":"2026-02-25T15:03:53","modified_gmt":"2026-02-25T15:03:53","slug":"marine-life-morocco","status":"publish","type":"page","link":"https:\/\/wisewhaleproject.com\/es\/marine-life-morocco\/","title":{"rendered":"Nuestra misi\u00f3n"},"content":{"rendered":"<div class=\"wp-block-group alignfull has-global-padding is-layout-constrained wp-container-core-group-is-layout-490fa1db wp-block-group-is-layout-constrained\" style=\"padding-top:var(--wp--preset--spacing--50);padding-right:var(--wp--preset--spacing--50);padding-bottom:var(--wp--preset--spacing--50);padding-left:var(--wp--preset--spacing--50)\">\n<div class=\"wp-block-group has-global-padding is-layout-constrained wp-container-core-group-is-layout-650790e1 wp-block-group-is-layout-constrained\">\n<h1 class=\"wp-block-heading has-text-align-center has-bellota-font-family has-x-large-font-size\">NUESTRA MISI\u00d3N<\/h1>\n\n\n\n<div style=\"height:46px\" aria-hidden=\"true\" class=\"wp-block-spacer\"><\/div>\n\n\n\n<p><\/p>\n\n\n\n<p class=\"has-text-align-center\"><strong>Proyecto Wise Whale<\/strong> naci\u00f3 de a\u00f1os de experiencia pr\u00e1ctica en la observaci\u00f3n de ballenas y la investigaci\u00f3n de cet\u00e1ceos. Fundado por dos bi\u00f3logos marinos con m\u00e1s de 20 a\u00f1os de experiencia combinada en el mar, el proyecto est\u00e1 impulsado por un profundo respeto por el oc\u00e9ano y la vida que sustenta.<\/p>\n\n\n\n<p class=\"has-text-align-center\">Wise Whale Project ofrece una alternativa. Nuestras experiencias, basadas en el respeto, la educaci\u00f3n y la conexi\u00f3n, est\u00e1n dise\u00f1adas para profundizar en el conocimiento de la vida marina y fomentar un cuidado duradero del oc\u00e9ano que compartimos.<\/p>\n\n\n\n<div style=\"height:1.25rem\" aria-hidden=\"true\" class=\"wp-block-spacer\"><\/div>\n<\/div>\n\n\n\n<div style=\"height:var(--wp--preset--spacing--30)\" aria-hidden=\"true\" class=\"wp-block-spacer\"><\/div>\n\n\n\n<figure class=\"wp-block-image alignwide size-full is-style-rounded is-style-rounded--1\" style=\"margin-top:0;margin-right:0;margin-bottom:0;margin-left:0\"><img loading=\"lazy\" decoding=\"async\" width=\"1064\" height=\"598\" src=\"https:\/\/wisewhaleproject.com\/wp-content\/uploads\/2025\/12\/1000036798.jpg\" alt=\"\" class=\"wp-image-203\" srcset=\"https:\/\/wisewhaleproject.com\/wp-content\/uploads\/2025\/12\/1000036798.jpg 1064w, https:\/\/wisewhaleproject.com\/wp-content\/uploads\/2025\/12\/1000036798-300x169.jpg 300w, https:\/\/wisewhaleproject.com\/wp-content\/uploads\/2025\/12\/1000036798-1024x576.jpg 1024w, https:\/\/wisewhaleproject.com\/wp-content\/uploads\/2025\/12\/1000036798-768x432.jpg 768w\" sizes=\"auto, (max-width: 1064px) 100vw, 1064px\" \/><\/figure>\n\n\n\n<h2 class=\"wp-block-heading has-text-align-center has-base-2-color has-text-color has-link-color wp-elements-944991001c6f1adc81081798b51bceb6\"><\/h2>\n\n\n\n<p class=\"has-text-align-center\">El proyecto Wise Whale es una iniciativa en evoluci\u00f3n basada en una forma diferente de observar el oc\u00e9ano y sus habitantes. En lugar de perseguir el beneficio o explotar la vida salvaje, buscamos crear conexiones significativas. Nuestro objetivo es ayudar a la gente a entender de verdad a los animales con los que se encuentra; apreciando su inteligencia, su complejidad y su papel vital dentro del ecosistema. Al mismo tiempo, Wise Whale Project integra la investigaci\u00f3n real. Cada viaje, cada observaci\u00f3n y cada encuentro contribuyen a crear conocimiento, concienciar y proteger la vida salvaje.<\/p>\n\n\n\n<p class=\"has-text-align-center\">No se trata s\u00f3lo de una experiencia, sino de una misi\u00f3n: inspirar respeto, curiosidad y cuidado por el mundo natural.<\/p>\n<\/div>","protected":false},"excerpt":{"rendered":"<p>OUR MISSION Wise Whale Project was born from years of hands-on experience in whale watching and cetacean research. Founded by two marine biologists with over 20 years of combined time at sea, the project is driven by a deep respect for the ocean and the life it sustains. Wise Whale Project offers an alternative. Rooted [&hellip;]<\/p>\n","protected":false},"author":2,"featured_media":278,"parent":0,"menu_order":0,"comment_status":"closed","ping_status":"closed","template":"","meta":{"footnotes":""},"class_list":["post-339","page","type-page","status-publish","has-post-thumbnail","hentry"],"_links":{"self":[{"href":"https:\/\/wisewhaleproject.com\/es\/wp-json\/wp\/v2\/pages\/339","targetHints":{"allow":["GET"]}}],"collection":[{"href":"https:\/\/wisewhaleproject.com\/es\/wp-json\/wp\/v2\/pages"}],"about":[{"href":"https:\/\/wisewhaleproject.com\/es\/wp-json\/wp\/v2\/types\/page"}],"author":[{"embeddable":true,"href":"https:\/\/wisewhaleproject.com\/es\/wp-json\/wp\/v2\/users\/2"}],"replies":[{"embeddable":true,"href":"https:\/\/wisewhaleproject.com\/es\/wp-json\/wp\/v2\/comments?post=339"}],"version-history":[{"count":13,"href":"https:\/\/wisewhaleproject.com\/es\/wp-json\/wp\/v2\/pages\/339\/revisions"}],"predecessor-version":[{"id":785,"href":"https:\/\/wisewhaleproject.com\/es\/wp-json\/wp\/v2\/pages\/339\/revisions\/785"}],"wp:featuredmedia":[{"embeddable":true,"href":"https:\/\/wisewhaleproject.com\/es\/wp-json\/wp\/v2\/media\/278"}],"wp:attachment":[{"href":"https:\/\/wisewhaleproject.com\/es\/wp-json\/wp\/v2\/media?parent=339"}],"curies":[{"name":"wp","href":"https:\/\/api.w.org\/{rel}","templated":true}]}}