{"id":553,"date":"2026-02-18T13:13:13","date_gmt":"2026-02-18T13:13:13","guid":{"rendered":"https:\/\/wisewhaleproject.com\/?page_id=553"},"modified":"2026-03-06T09:07:39","modified_gmt":"2026-03-06T09:07:39","slug":"meet-the-team-whalewatching","status":"publish","type":"page","link":"https:\/\/wisewhaleproject.com\/es\/meet-the-team-whalewatching\/","title":{"rendered":"Conozca al equipo"},"content":{"rendered":"<div class=\"wp-block-group alignfull has-global-padding is-layout-constrained wp-container-core-group-is-layout-669513ed wp-block-group-is-layout-constrained\" style=\"margin-top:0;margin-bottom:0;padding-top:var(--wp--preset--spacing--50);padding-right:var(--wp--preset--spacing--50);padding-bottom:var(--wp--preset--spacing--50);padding-left:var(--wp--preset--spacing--50)\">\n<div class=\"wp-block-group is-vertical is-content-justification-center is-layout-flex wp-container-core-group-is-layout-ce155fab wp-block-group-is-layout-flex\">\n<h2 class=\"wp-block-heading has-text-align-center has-bellota-font-family has-x-large-font-size\" style=\"text-transform:uppercase\">Conoce a nuestro equipo<\/h2>\n\n\n\n<p class=\"has-text-align-center\">Amantes de los oc\u00e9anos, investigadores y fundadores de Wise Whale Project, comprometidos con la observaci\u00f3n \u00e9tica de cet\u00e1ceos y la conservaci\u00f3n marina.<\/p>\n<\/div>\n\n\n\n<div style=\"height:var(--wp--preset--spacing--30)\" aria-hidden=\"true\" class=\"wp-block-spacer\"><\/div>\n\n\n\n<div class=\"wp-block-columns alignwide is-layout-flex wp-container-core-columns-is-layout-4935966c wp-block-columns-is-layout-flex\" style=\"padding-right:0;padding-left:0\">\n<div class=\"wp-block-column is-layout-flow wp-block-column-is-layout-flow\">\n\n\n<div class=\"wp-block-group is-vertical is-content-justification-center is-nowrap is-layout-flex wp-container-core-group-is-layout-21d4e958 wp-block-group-is-layout-flex\">\n<p class=\"has-text-align-center has-allura-font-family has-large-font-size\">Clara Massaro<\/p>\n\n\n\n<p class=\"has-text-align-center has-medium-font-size\">Cofundador y bi\u00f3logo marino<\/p>\n<\/div>\n<\/div>\n\n\n\n<div class=\"wp-block-column is-layout-flow wp-block-column-is-layout-flow\">\n\n\n<div class=\"wp-block-group is-vertical is-content-justification-center is-nowrap is-layout-flex wp-container-core-group-is-layout-63bfd6c1 wp-block-group-is-layout-flex\">\n<p class=\"has-text-align-center has-allura-font-family has-large-font-size\">Florine Martineau<\/p>\n\n\n\n<p class=\"has-text-align-center has-medium-font-size\">Cofundador y bi\u00f3logo marino<\/p>\n<\/div>\n<\/div>\n<\/div>\n<\/div>\n\n\n\n<div class=\"wp-block-group alignfull has-background has-global-padding is-layout-constrained wp-container-core-group-is-layout-669513ed wp-block-group-is-layout-constrained\" style=\"background-color:#839aae;margin-top:0;margin-bottom:0;padding-top:var(--wp--preset--spacing--50);padding-right:var(--wp--preset--spacing--50);padding-bottom:var(--wp--preset--spacing--50);padding-left:var(--wp--preset--spacing--50)\">\n<div class=\"wp-block-columns alignwide is-layout-flex wp-container-core-columns-is-layout-1da03c2a wp-block-columns-is-layout-flex\">\n<div class=\"wp-block-column is-vertically-aligned-stretch is-layout-flow wp-block-column-is-layout-flow\" style=\"flex-basis:50%\">\n<div class=\"wp-block-group is-vertical is-content-justification-stretch is-layout-flex wp-container-core-group-is-layout-444d5ee8 wp-block-group-is-layout-flex\" style=\"min-height:100%\">\n<p class=\"has-allura-font-family has-x-large-font-size\" style=\"line-height:1.2\">Florine Martineau<\/p>\n\n\n\n<div class=\"wp-block-group has-global-padding is-content-justification-left is-layout-constrained wp-container-core-group-is-layout-9fe8ed88 wp-block-group-is-layout-constrained\">\n<p class=\"wp-container-content-0733e5d0\">Florine es una dedicada gu\u00eda de avistamiento de cet\u00e1ceos e investigadora marina con un profundo amor por el oc\u00e9ano y su vida salvaje. Su trabajo combina la experiencia de campo con la curiosidad cient\u00edfica, buscando siempre comprender mejor y proteger a las poblaciones de cet\u00e1ceos.<\/p>\n\n\n\n<p class=\"wp-container-content-0733e5d0\">Est\u00e1 firmemente comprometida con la conservaci\u00f3n del medio ambiente y aboga activamente por reducir la contaminaci\u00f3n por pl\u00e1sticos, concienciar sobre el cambio clim\u00e1tico y proteger a los animales de todas las especies. <br>Para Florine, cada encuentro en el mar es una oportunidad no s\u00f3lo de observar, sino de inspirar respeto y responsabilidad hacia nuestros ecosistemas marinos.<\/p>\n<\/div>\n<\/div>\n<\/div>\n\n\n\n<div class=\"wp-block-column is-vertically-aligned-center is-layout-flow wp-block-column-is-layout-flow\" style=\"flex-basis:50%\">\n<figure class=\"wp-block-image size-large is-style-rounded is-style-rounded--3\"><img loading=\"lazy\" decoding=\"async\" width=\"716\" height=\"1024\" src=\"https:\/\/wisewhaleproject.com\/wp-content\/uploads\/2026\/02\/ChatGPT-Image-25-fevr.-2026-11_51_24-716x1024.png\" alt=\"\" class=\"wp-image-775\" style=\"aspect-ratio:3\/4;object-fit:cover\" srcset=\"https:\/\/wisewhaleproject.com\/wp-content\/uploads\/2026\/02\/ChatGPT-Image-25-fevr.-2026-11_51_24-716x1024.png 716w, https:\/\/wisewhaleproject.com\/wp-content\/uploads\/2026\/02\/ChatGPT-Image-25-fevr.-2026-11_51_24-210x300.png 210w, https:\/\/wisewhaleproject.com\/wp-content\/uploads\/2026\/02\/ChatGPT-Image-25-fevr.-2026-11_51_24-768x1099.png 768w, https:\/\/wisewhaleproject.com\/wp-content\/uploads\/2026\/02\/ChatGPT-Image-25-fevr.-2026-11_51_24-8x12.png 8w, https:\/\/wisewhaleproject.com\/wp-content\/uploads\/2026\/02\/ChatGPT-Image-25-fevr.-2026-11_51_24.png 1022w\" sizes=\"auto, (max-width: 716px) 100vw, 716px\" \/><\/figure>\n<\/div>\n<\/div>\n<\/div>\n\n\n\n<div class=\"wp-block-group alignfull has-background has-global-padding is-layout-constrained wp-container-core-group-is-layout-d89aad35 wp-block-group-is-layout-constrained\" style=\"background-color:#53788a;margin-top:0;margin-bottom:0;padding-top:var(--wp--preset--spacing--50);padding-right:var(--wp--preset--spacing--50);padding-bottom:var(--wp--preset--spacing--50);padding-left:var(--wp--preset--spacing--50)\">\n<div class=\"wp-block-columns alignwide is-layout-flex wp-container-core-columns-is-layout-1da03c2a wp-block-columns-is-layout-flex\">\n<div class=\"wp-block-column is-vertically-aligned-center is-layout-flow wp-block-column-is-layout-flow\" style=\"flex-basis:60%\">\n<figure class=\"wp-block-gallery has-nested-images columns-default is-cropped wp-block-gallery-5 is-layout-flex wp-block-gallery-is-layout-flex\">\n<figure class=\"wp-block-image size-full is-style-rounded is-style-rounded--4\"><img loading=\"lazy\" decoding=\"async\" width=\"727\" height=\"1016\" data-id=\"776\" src=\"https:\/\/wisewhaleproject.com\/wp-content\/uploads\/2026\/02\/ChatGPT-Image-24-fevr.-2026-12_31_46.png\" alt=\"\" class=\"wp-image-776\" style=\"object-fit:cover\" srcset=\"https:\/\/wisewhaleproject.com\/wp-content\/uploads\/2026\/02\/ChatGPT-Image-24-fevr.-2026-12_31_46.png 727w, https:\/\/wisewhaleproject.com\/wp-content\/uploads\/2026\/02\/ChatGPT-Image-24-fevr.-2026-12_31_46-215x300.png 215w, https:\/\/wisewhaleproject.com\/wp-content\/uploads\/2026\/02\/ChatGPT-Image-24-fevr.-2026-12_31_46-9x12.png 9w\" sizes=\"auto, (max-width: 727px) 100vw, 727px\" \/><\/figure>\n<\/figure>\n<\/div>\n\n\n\n<div class=\"wp-block-column is-layout-flow wp-block-column-is-layout-flow\" style=\"flex-basis:40%\">\n<h2 class=\"wp-block-heading has-allura-font-family has-x-large-font-size\">Clara Massaro<\/h2>\n\n\n\n<p>Clara es una experimentada gu\u00eda de avistamiento de cet\u00e1ceos que ha trabajado con fauna marina en distintas partes del mundo. Su pasi\u00f3n por el oc\u00e9ano la ha llevado a trabajar a lo largo de diversos entornos marinos y costas, siempre impulsada por un profundo respeto por los animales salvajes y sus comportamientos naturales.<\/p>\n\n\n\n<p>Cree que las ballenas y los delfines deben ser observados en su verdadero elemento: libres, sin molestias y respetados. Para Clara, la observaci\u00f3n responsable de ballenas consiste en educar, conectar y proteger los espacios salvajes que estos animales llaman hogar.<\/p>\n\n\n\n<p><\/p>\n<\/div>\n<\/div>\n<\/div>","protected":false},"excerpt":{"rendered":"<p>Meet our team Ocean lovers, researchers and founders of Wise Whale Project-committed to ethical whale watching and marine conservation Clara Massaro Co-Founder &amp; Marine Biologist Florine Martineau Co-Founder &amp; Marine Biologist Florine Martineau Florine is a dedicated whale watching guide and marine researcher with a deep love for the ocean and its wildlife. Her work [&hellip;]<\/p>\n","protected":false},"author":2,"featured_media":0,"parent":0,"menu_order":0,"comment_status":"closed","ping_status":"closed","template":"","meta":{"footnotes":""},"class_list":["post-553","page","type-page","status-publish","hentry"],"_links":{"self":[{"href":"https:\/\/wisewhaleproject.com\/es\/wp-json\/wp\/v2\/pages\/553","targetHints":{"allow":["GET"]}}],"collection":[{"href":"https:\/\/wisewhaleproject.com\/es\/wp-json\/wp\/v2\/pages"}],"about":[{"href":"https:\/\/wisewhaleproject.com\/es\/wp-json\/wp\/v2\/types\/page"}],"author":[{"embeddable":true,"href":"https:\/\/wisewhaleproject.com\/es\/wp-json\/wp\/v2\/users\/2"}],"replies":[{"embeddable":true,"href":"https:\/\/wisewhaleproject.com\/es\/wp-json\/wp\/v2\/comments?post=553"}],"version-history":[{"count":24,"href":"https:\/\/wisewhaleproject.com\/es\/wp-json\/wp\/v2\/pages\/553\/revisions"}],"predecessor-version":[{"id":830,"href":"https:\/\/wisewhaleproject.com\/es\/wp-json\/wp\/v2\/pages\/553\/revisions\/830"}],"wp:attachment":[{"href":"https:\/\/wisewhaleproject.com\/es\/wp-json\/wp\/v2\/media?parent=553"}],"curies":[{"name":"wp","href":"https:\/\/api.w.org\/{rel}","templated":true}]}}