{"id":598,"date":"2026-02-18T13:33:21","date_gmt":"2026-02-18T13:33:21","guid":{"rendered":"https:\/\/wisewhaleproject.com\/?page_id=598"},"modified":"2026-04-09T11:27:42","modified_gmt":"2026-04-09T10:27:42","slug":"our-research-whalewatching","status":"publish","type":"page","link":"https:\/\/wisewhaleproject.com\/es\/our-research-whalewatching\/","title":{"rendered":"Nuestra investigaci\u00f3n"},"content":{"rendered":"<p class=\"has-text-align-center has-bellota-font-family has-x-large-font-size\">NUESTRA INVESTIGACI\u00d3N<\/p>\n\n\n\n<p>Nuestra investigaci\u00f3n est\u00e1 dise\u00f1ada para generar conocimientos ecol\u00f3gicos de referencia en todas las zonas en las que operamos. Nos centramos en identificar qu\u00e9 especies de cet\u00e1ceos est\u00e1n presentes, evaluar si las poblaciones son residentes o migratorias y comprender c\u00f3mo utilizan estas especies el h\u00e1bitat a lo largo del a\u00f1o.<\/p>\n\n\n\n<p>La recogida de datos se realiza mediante m\u00e9todos cient\u00edficos no invasivos, principalmente la fotoidentificaci\u00f3n. Las im\u00e1genes de alta calidad de las aletas dorsales, las aletas caudales y las marcas naturales distintivas nos permiten reconocer a cada animal en cada encuentro. Esto permite analizar la fidelidad al lugar, los patrones de movimiento, la estructura social y la din\u00e1mica de la poblaci\u00f3n a largo plazo.<\/p>\n\n\n\n<p>Las observaciones repetidas contribuyen al desarrollo progresivo de un cat\u00e1logo de identificaci\u00f3n estructurado. Con el tiempo, este cat\u00e1logo se convierte en una valiosa herramienta para controlar la estabilidad de la poblaci\u00f3n, detectar cambios en la distribuci\u00f3n y apoyar decisiones de gesti\u00f3n orientadas a la conservaci\u00f3n.<\/p>\n\n\n\n<figure class=\"wp-block-image size-large\"><img loading=\"lazy\" decoding=\"async\" width=\"1024\" height=\"683\" src=\"https:\/\/wisewhaleproject.com\/wp-content\/uploads\/2025\/12\/IMG_7991-1024x683.jpg\" alt=\"\" class=\"wp-image-204\" srcset=\"https:\/\/wisewhaleproject.com\/wp-content\/uploads\/2025\/12\/IMG_7991-1024x683.jpg 1024w, https:\/\/wisewhaleproject.com\/wp-content\/uploads\/2025\/12\/IMG_7991-300x200.jpg 300w, https:\/\/wisewhaleproject.com\/wp-content\/uploads\/2025\/12\/IMG_7991-768x512.jpg 768w, https:\/\/wisewhaleproject.com\/wp-content\/uploads\/2025\/12\/IMG_7991-1536x1024.jpg 1536w, https:\/\/wisewhaleproject.com\/wp-content\/uploads\/2025\/12\/IMG_7991-2048x1365.jpg 2048w\" sizes=\"auto, (max-width: 1024px) 100vw, 1024px\" \/><figcaption class=\"wp-element-caption\">C\u00c1MARA DIGITAL OLYMPUS<\/figcaption><\/figure>\n\n\n\n<p>Nuestros viajes de observaci\u00f3n de delfines y ballenas est\u00e1n directamente integrados en este esfuerzo de investigaci\u00f3n. Los hu\u00e9spedes participan en un modelo de ecoturismo marino responsable en el que el turismo apoya la ciencia y la ciencia apoya la conservaci\u00f3n.<\/p>\n\n\n\n<p>A trav\u00e9s de este enfoque, cada encuentro en el mar contribuye a una comprensi\u00f3n m\u00e1s amplia de la ecolog\u00eda de los cet\u00e1ceos en diferentes regiones y futuros destinos.<\/p>\n\n\n\n<p>En Wise Whale Project, la investigaci\u00f3n no es un a\u00f1adido a nuestro trabajo, sino su fundamento. Combinando la ciencia de campo, la observaci\u00f3n responsable de cet\u00e1ceos y el compromiso p\u00fablico, pretendemos transformar cada viaje en una contribuci\u00f3n significativa al conocimiento marino. Nuestra visi\u00f3n a largo plazo es crear cat\u00e1logos espec\u00edficos para cada regi\u00f3n, contribuir a las redes de colaboraci\u00f3n cient\u00edfica y apoyar la protecci\u00f3n de los cet\u00e1ceos en todas las zonas que exploramos.<\/p>\n\n\n\n<p><\/p>\n\n\n\n<p><\/p>","protected":false},"excerpt":{"rendered":"<p>OUR RESEARCH Our research is designed to generate baseline ecological knowledge in every area where we operate. We focus on identifying which cetacean species are present, assessing whether populations are resident or migratory, and understanding how these species use the habitat throughout the year. Data collection is conducted using non-invasive scientific methods, primarily photo-identification. High-quality [&hellip;]<\/p>\n","protected":false},"author":2,"featured_media":0,"parent":0,"menu_order":0,"comment_status":"closed","ping_status":"closed","template":"","meta":{"footnotes":""},"class_list":["post-598","page","type-page","status-publish","hentry"],"_links":{"self":[{"href":"https:\/\/wisewhaleproject.com\/es\/wp-json\/wp\/v2\/pages\/598","targetHints":{"allow":["GET"]}}],"collection":[{"href":"https:\/\/wisewhaleproject.com\/es\/wp-json\/wp\/v2\/pages"}],"about":[{"href":"https:\/\/wisewhaleproject.com\/es\/wp-json\/wp\/v2\/types\/page"}],"author":[{"embeddable":true,"href":"https:\/\/wisewhaleproject.com\/es\/wp-json\/wp\/v2\/users\/2"}],"replies":[{"embeddable":true,"href":"https:\/\/wisewhaleproject.com\/es\/wp-json\/wp\/v2\/comments?post=598"}],"version-history":[{"count":7,"href":"https:\/\/wisewhaleproject.com\/es\/wp-json\/wp\/v2\/pages\/598\/revisions"}],"predecessor-version":[{"id":902,"href":"https:\/\/wisewhaleproject.com\/es\/wp-json\/wp\/v2\/pages\/598\/revisions\/902"}],"wp:attachment":[{"href":"https:\/\/wisewhaleproject.com\/es\/wp-json\/wp\/v2\/media?parent=598"}],"curies":[{"name":"wp","href":"https:\/\/api.w.org\/{rel}","templated":true}]}}