{"id":623,"date":"2026-02-21T12:04:28","date_gmt":"2026-02-21T12:04:28","guid":{"rendered":"https:\/\/wisewhaleproject.com\/?page_id=623"},"modified":"2026-04-09T11:25:16","modified_gmt":"2026-04-09T10:25:16","slug":"responsible-cetacean-observation","status":"publish","type":"page","link":"https:\/\/wisewhaleproject.com\/es\/responsible-cetacean-observation\/","title":{"rendered":"Observaci\u00f3n responsable de cet\u00e1ceos"},"content":{"rendered":"<p class=\"has-text-align-center has-bellota-font-family has-x-large-font-size\" style=\"text-transform:uppercase\">Observaci\u00f3n responsable de cet\u00e1ceos<\/p>\n\n\n\n<p>La observaci\u00f3n de ballenas y delfines es una forma incre\u00edble de conectar con la vida marina, fomentando el aprecio y los esfuerzos de conservaci\u00f3n. La observaci\u00f3n de estas majestuosas criaturas en su h\u00e1bitat natural favorece el ecoturismo, promueve la educaci\u00f3n y contribuye a la investigaci\u00f3n cient\u00edfica. Sin embargo, las pr\u00e1cticas irresponsables pueden estresar, herir o incluso poner en peligro a estos animales. Por eso es esencial seguir unas directrices \u00e9ticas para garantizar una experiencia segura y sostenible.<\/p>\n\n\n\n<p>Al final, la pregunta definitiva es: \u00bfpor qu\u00e9 nos dedicamos a la observaci\u00f3n de ballenas? Al fin y al cabo, nuestra mera presencia afecta a los animales. Si decidimos hacerlo, debemos hacerlo de la mejor manera posible, minimizando nuestro impacto e interfiriendo lo menos posible en el comportamiento de los animales y en su h\u00e1bitat natural.<\/p>\n\n\n\n<p>Si lo abordamos con responsabilidad y basamos nuestras acciones en datos -adhiri\u00e9ndonos a normas dise\u00f1adas para minimizar nuestro impacto-, llevar a la gente a presenciar la belleza de estos animales en su h\u00e1bitat natural puede tener un efecto positivo. Experimentar de primera mano su modo de vida puede inspirar a las personas a adoptar peque\u00f1os comportamientos significativos que apoyen su conservaci\u00f3n. Adem\u00e1s, puede desalentar las visitas a las instalaciones de cautividad, fomentando un mayor aprecio por la observaci\u00f3n de estas magn\u00edficas criaturas donde realmente pertenecen.<\/p>\n\n\n\n<figure class=\"wp-block-image size-large\"><img loading=\"lazy\" decoding=\"async\" width=\"1024\" height=\"683\" src=\"https:\/\/wisewhaleproject.com\/wp-content\/uploads\/2025\/12\/IMG_6769-1024x683.jpg\" alt=\"\" class=\"wp-image-170\" srcset=\"https:\/\/wisewhaleproject.com\/wp-content\/uploads\/2025\/12\/IMG_6769-1024x683.jpg 1024w, https:\/\/wisewhaleproject.com\/wp-content\/uploads\/2025\/12\/IMG_6769-300x200.jpg 300w, https:\/\/wisewhaleproject.com\/wp-content\/uploads\/2025\/12\/IMG_6769-768x512.jpg 768w, https:\/\/wisewhaleproject.com\/wp-content\/uploads\/2025\/12\/IMG_6769-1536x1024.jpg 1536w, https:\/\/wisewhaleproject.com\/wp-content\/uploads\/2025\/12\/IMG_6769-2048x1365.jpg 2048w\" sizes=\"auto, (max-width: 1024px) 100vw, 1024px\" \/><\/figure>\n\n\n\n<p class=\"has-medium-font-size\"><strong>\u00bfQu\u00e9 son las \u201cMEJORES PR\u00c1CTICAS\u201d?<\/strong><br><\/p>\n\n\n\n<p class=\"has-medium-font-size\">Las mejores pr\u00e1cticas para el avistamiento de ballenas y delfines involucran pautas, \u00e9tica y principios que aseguran que la actividad sea conducida responsablemente. Su objetivo es minimizar los impactos negativos sobre los cet\u00e1ceos y el medio ambiente, mejorar la satisfacci\u00f3n del cliente y proporcionar beneficios positivos a las comunidades locales.<\/p>\n\n\n\n<p>Para los operadores tur\u00edsticos, las mejores pr\u00e1cticas incluyen adoptar un manejo precautorio de las embarcaciones y seguir estrictamente las regulaciones para reducir las perturbaciones a los animales. Es esencial minimizar los impactos a corto y largo plazo de la observaci\u00f3n de ballenas y delfines sobre las poblaciones de cet\u00e1ceos.<\/p>\n\n\n\n<p>El turismo mal gestionado puede perjudicar a las poblaciones de cet\u00e1ceos:<br>Interrupci\u00f3n de comportamientos cr\u00edticos: Las perturbaciones pueden obligar a los cet\u00e1ceos a abandonar actividades esenciales como alimentarse, descansar y socializar. Con el tiempo, esto puede reducir el \u00e9xito reproductivo, las tasas de supervivencia de las cr\u00edas y el estado f\u00edsico general.<br>Desplazamiento de la poblaci\u00f3n: Cuando la presi\u00f3n del turismo supera los beneficios de permanecer en un h\u00e1bitat, los cet\u00e1ceos pueden abandonar la zona. Esto podr\u00eda forzarlos a desplazarse a entornos menos ideales con menor disponibilidad de alimento, aumentando el estr\u00e9s y el gasto energ\u00e9tico.<br>Lesiones f\u00edsicas o muertes por colisiones con embarcaciones: El creciente n\u00famero de embarcaciones tur\u00edsticas no reguladas, los viajes a alta velocidad y las maniobras err\u00e1ticas ponen en peligro a los cet\u00e1ceos. En algunos casos, las ballenas y los delfines se habit\u00faan a los barcos, reduciendo sus comportamientos naturales de evitaci\u00f3n y haci\u00e9ndolos m\u00e1s vulnerables a las colisiones.<\/p>\n\n\n\n<p>En los \u00faltimos a\u00f1os, varias instituciones han introducido directrices y reglamentos para abordar estas preocupaciones. Sin embargo, las investigaciones siguen poniendo de relieve los efectos negativos de la observaci\u00f3n comercial de ballenas y delfines en determinados lugares. Mientras que algunas regiones han implementado con \u00e9xito regulaciones gubernamentales o c\u00f3digos de conducta voluntarios, los resultados han variado.<\/p>\n\n\n\n<p>En \u00faltima instancia, las mejores pr\u00e1cticas sirven como una herramienta crucial para mitigar estos impactos y asegurar la sostenibilidad de la observaci\u00f3n de cet\u00e1ceos. Siguiendo estas recomendaciones, la actividad puede permanecer ambientalmente responsable, segura tanto para los animales como para los participantes, y beneficiosa para las econom\u00edas locales, mientras maximiza sus beneficios educativos, econ\u00f3micos y recreativos.<\/p>\n\n\n\n<p>Es importante:<\/p>\n\n\n\n<p>\u25cf Respetar la distancia: Mantener una distancia de seguridad con los animales es crucial para no perturbar su comportamiento natural. Las directrices suelen recomendar mantenerse a una distancia m\u00ednima de 100 metros.&nbsp;<\/p>\n\n\n\n<p>\u25cf Minimizar el ruido: El ruido excesivo de las embarcaciones u otras actividades puede molestar a los animales e interferir en su comunicaci\u00f3n, alimentaci\u00f3n y navegaci\u00f3n. Se anima a las excursiones de avistamiento de cet\u00e1ceos a utilizar embarcaciones m\u00e1s silenciosas y minimizar el ruido.&nbsp;<\/p>\n\n\n\n<p>\u25cf Evite el acoso: Es importante no perseguir, rodear o intentar tocar a los animales. Molestarlos de este modo puede estresarlos y alterar sus comportamientos naturales.&nbsp;<\/p>\n\n\n\n<p>\u25cf Educaci\u00f3n y concienciaci\u00f3n: Proporcionar a los visitantes informaci\u00f3n sobre las especies, su comportamiento y los esfuerzos de conservaci\u00f3n ayuda a aumentar la concienciaci\u00f3n y el aprecio por los animales. Educar a los turistas sobre la observaci\u00f3n responsable de cet\u00e1ceos puede fomentar una mayor comprensi\u00f3n de la importancia de proteger la vida marina. Adem\u00e1s, el uso de pr\u00e1cticas sostenibles y respetuosas con el medio ambiente durante la observaci\u00f3n de cet\u00e1ceos, como el empleo de embarcaciones ecol\u00f3gicas o la limitaci\u00f3n del uso de combustible, contribuye a reducir el impacto ambiental de la actividad.<\/p>\n\n\n\n<p class=\"has-text-align-center has-medium-font-size\"><strong>En Wise Whale Project nos comprometemos a seguir las mejores pr\u00e1cticas para la observaci\u00f3n de ballenas y delfines y a ayudar a establecer c\u00f3digos de conducta responsables en las regiones en las que a\u00fan no existen tales directrices.<\/strong>.<\/p>\n\n\n\n<p class=\"has-text-align-center has-base-2-color has-text-color has-link-color wp-elements-7cc39e2881cc8a843b40dfe506984371\">Para m\u00e1s informaci\u00f3n <a href=\"https:\/\/wisewhale.org\" data-type=\"link\" data-id=\"https:\/\/wisewhale.org\"><strong>wisewhale@org<\/strong><\/a><\/p>\n\n\n\n<p><\/p>\n\n\n\n<p><\/p>","protected":false},"excerpt":{"rendered":"<p>Responsible Cetacean Observation Whale and dolphin watching is an incredible way to connect with marine life, fostering appreciation and conservation efforts. Observing these majestic creatures in their natural habitat supports ecotourism, promotes education, and contributes to scientific research. However, irresponsible practices can stress, injure, or even endanger these animals. That\u2019s why following ethical guidelines is [&hellip;]<\/p>\n","protected":false},"author":2,"featured_media":0,"parent":0,"menu_order":0,"comment_status":"closed","ping_status":"closed","template":"","meta":{"footnotes":""},"class_list":["post-623","page","type-page","status-publish","hentry"],"_links":{"self":[{"href":"https:\/\/wisewhaleproject.com\/es\/wp-json\/wp\/v2\/pages\/623","targetHints":{"allow":["GET"]}}],"collection":[{"href":"https:\/\/wisewhaleproject.com\/es\/wp-json\/wp\/v2\/pages"}],"about":[{"href":"https:\/\/wisewhaleproject.com\/es\/wp-json\/wp\/v2\/types\/page"}],"author":[{"embeddable":true,"href":"https:\/\/wisewhaleproject.com\/es\/wp-json\/wp\/v2\/users\/2"}],"replies":[{"embeddable":true,"href":"https:\/\/wisewhaleproject.com\/es\/wp-json\/wp\/v2\/comments?post=623"}],"version-history":[{"count":11,"href":"https:\/\/wisewhaleproject.com\/es\/wp-json\/wp\/v2\/pages\/623\/revisions"}],"predecessor-version":[{"id":900,"href":"https:\/\/wisewhaleproject.com\/es\/wp-json\/wp\/v2\/pages\/623\/revisions\/900"}],"wp:attachment":[{"href":"https:\/\/wisewhaleproject.com\/es\/wp-json\/wp\/v2\/media?parent=623"}],"curies":[{"name":"wp","href":"https:\/\/api.w.org\/{rel}","templated":true}]}}