{"id":193,"date":"2025-12-02T13:33:18","date_gmt":"2025-12-02T13:33:18","guid":{"rendered":"https:\/\/wisewhaleproject.com\/?page_id=193"},"modified":"2026-02-25T15:11:25","modified_gmt":"2026-02-25T15:11:25","slug":"morocco","status":"publish","type":"page","link":"https:\/\/wisewhaleproject.com\/fr\/morocco\/","title":{"rendered":"Morocco"},"content":{"rendered":"<h2 class=\"wp-block-heading has-text-align-center has-bellota-font-family has-x-large-font-size\" style=\"text-transform:uppercase\">Maroc : Une fronti\u00e8re inexplor\u00e9e pour les c\u00e9tac\u00e9s<\/h2>\n\n\n\n<p>L'id\u00e9e qui sous-tend le projet Wise Whale est qu'il peut se d\u00e9placer et se d\u00e9velopper \u00e0 travers le monde, en cr\u00e9ant de petits partenariats locaux dans des endroits que nous jugeons strat\u00e9giquement et \u00e9cologiquement importants. Chaque lieu repr\u00e9sente un nouveau chapitre de notre voyage - un moyen de se connecter avec les communaut\u00e9s locales, de partager les connaissances et de promouvoir l'observation responsable des baleines et la sensibilisation au milieu marin dans diff\u00e9rentes r\u00e9gions.<\/p>\n\n\n\n<p>Mais tout voyage a besoin d'un point de d\u00e9part, et pour nous, ce point de d\u00e9part est le Maroc.<\/p>\n\n\n\n<p>Le Maroc sera la premi\u00e8re terre d'accueil du projet Wise Whale - l'endroit o\u00f9 notre vision commence \u00e0 prendre forme, o\u00f9 nous commen\u00e7ons \u00e0 \u00e9tablir des liens entre les gens et l'oc\u00e9an d'une mani\u00e8re plus consciente et plus respectueuse.<\/p>\n\n\n\n<p>Nous avons choisi le Maroc comme point de d\u00e9part de notre voyage pour deux raisons principales.<\/p>\n\n\n\n<p>La premi\u00e8re est que, contrairement \u00e0 beaucoup d'autres r\u00e9gions c\u00f4ti\u00e8res, le Maroc n'a pratiquement pas d'activit\u00e9 d'observation des baleines. Cela signifie que la vie marine n'est pas soumise \u00e0 la pression constante de nombreux bateaux ou d'op\u00e9rations touristiques. Nous pensons qu'il est insens\u00e9 de cr\u00e9er une nouvelle entreprise dans des zones o\u00f9 les animaux sont d\u00e9j\u00e0 entour\u00e9s de nombreux bateaux chaque jour. L'une des principales frustrations qui nous a pouss\u00e9s \u00e0 lancer le Wise Whale Project a \u00e9t\u00e9 de constater le stress que l'activit\u00e9 humaine peut causer aux c\u00e9tac\u00e9s lorsqu'un trop grand nombre d'op\u00e9rateurs se font concurrence pour les m\u00eames rencontres.<\/p>\n\n\n\n<p>En commen\u00e7ant notre voyage dans un endroit o\u00f9 peu - ou pas - de bateaux d'observation des baleines op\u00e8rent, nous voulons nous assurer que notre pr\u00e9sence n'ajoute pas de perturbations \u00e0 l'oc\u00e9an. Au contraire, nous voulons contribuer \u00e0 un mod\u00e8le d'observation de la vie marine plus doux et plus respectueux.<\/p>\n\n\n\n<figure class=\"wp-block-image size-large\"><img loading=\"lazy\" decoding=\"async\" width=\"1024\" height=\"683\" src=\"https:\/\/wisewhaleproject.com\/wp-content\/uploads\/2026\/02\/MG_0085-1024x683.jpg\" alt=\"\" class=\"wp-image-487\" srcset=\"https:\/\/wisewhaleproject.com\/wp-content\/uploads\/2026\/02\/MG_0085-1024x683.jpg 1024w, https:\/\/wisewhaleproject.com\/wp-content\/uploads\/2026\/02\/MG_0085-300x200.jpg 300w, https:\/\/wisewhaleproject.com\/wp-content\/uploads\/2026\/02\/MG_0085-768x512.jpg 768w, https:\/\/wisewhaleproject.com\/wp-content\/uploads\/2026\/02\/MG_0085-1536x1024.jpg 1536w, https:\/\/wisewhaleproject.com\/wp-content\/uploads\/2026\/02\/MG_0085-2048x1365.jpg 2048w\" sizes=\"auto, (max-width: 1024px) 100vw, 1024px\" \/><\/figure>\n\n\n\n<p>La deuxi\u00e8me raison est la curiosit\u00e9 scientifique. Les c\u00e9tac\u00e9s du Maroc sont tr\u00e8s peu connus. Cette r\u00e9gion, autour de M'diq sur la mer M\u00e9diterran\u00e9e et proche de l'oc\u00e9an Atlantique, est une zone riche en vie, mais encore largement inexplor\u00e9e en termes de recherche et de suivi \u00e0 long terme.<\/p>\n\n\n\n<p>Nous pensons que toute op\u00e9ration responsable d'observation des baleines devrait \u00e9galement \u00eatre une plateforme d'apprentissage. Gr\u00e2ce au projet Wise Whale, nous esp\u00e9rons recueillir des donn\u00e9es pr\u00e9cieuses, partager nos connaissances et contribuer \u00e0 dresser un tableau plus clair des esp\u00e8ces qui vivent dans ces eaux, de la mani\u00e8re dont elles utilisent cette zone et des menaces qui p\u00e8sent sur elles.<\/p>\n\n\n\n<p>Notre objectif au Maroc est simple mais ambitieux : explorer, apprendre et prot\u00e9ger.<\/p>\n\n\n\n<p>Cr\u00e9er une nouvelle fa\u00e7on d'\u00eatre en mer, qui respecte \u00e0 la fois les animaux et l'\u00e9quilibre d\u00e9licat de l'\u00e9cosyst\u00e8me dans lequel ils vivent.<\/p>\n\n\n\n<p><\/p>\n\n\n\n<p><\/p>","protected":false},"excerpt":{"rendered":"<p>Morocco: An Unexplored Cetacean Frontier The idea behind the Wise Whale Project is that it can move and grow around the world, creating small local partnerships in places we believe are strategically and ecologically important. Each location represents a new chapter of our journey \u2014 a way to connect with local communities, share knowledge, and [&hellip;]<\/p>\n","protected":false},"author":2,"featured_media":0,"parent":0,"menu_order":0,"comment_status":"closed","ping_status":"closed","template":"","meta":{"footnotes":""},"class_list":["post-193","page","type-page","status-publish","hentry"],"_links":{"self":[{"href":"https:\/\/wisewhaleproject.com\/fr\/wp-json\/wp\/v2\/pages\/193","targetHints":{"allow":["GET"]}}],"collection":[{"href":"https:\/\/wisewhaleproject.com\/fr\/wp-json\/wp\/v2\/pages"}],"about":[{"href":"https:\/\/wisewhaleproject.com\/fr\/wp-json\/wp\/v2\/types\/page"}],"author":[{"embeddable":true,"href":"https:\/\/wisewhaleproject.com\/fr\/wp-json\/wp\/v2\/users\/2"}],"replies":[{"embeddable":true,"href":"https:\/\/wisewhaleproject.com\/fr\/wp-json\/wp\/v2\/comments?post=193"}],"version-history":[{"count":16,"href":"https:\/\/wisewhaleproject.com\/fr\/wp-json\/wp\/v2\/pages\/193\/revisions"}],"predecessor-version":[{"id":790,"href":"https:\/\/wisewhaleproject.com\/fr\/wp-json\/wp\/v2\/pages\/193\/revisions\/790"}],"wp:attachment":[{"href":"https:\/\/wisewhaleproject.com\/fr\/wp-json\/wp\/v2\/media?parent=193"}],"curies":[{"name":"wp","href":"https:\/\/api.w.org\/{rel}","templated":true}]}}