{"id":222,"date":"2025-12-17T14:56:21","date_gmt":"2025-12-17T14:56:21","guid":{"rendered":"https:\/\/wisewhaleproject.com\/?page_id=222"},"modified":"2026-04-07T11:36:23","modified_gmt":"2026-04-07T10:36:23","slug":"boat-tours-morocco","status":"publish","type":"page","link":"https:\/\/wisewhaleproject.com\/fr\/boat-tours-morocco\/","title":{"rendered":"Our Trips"},"content":{"rendered":"<div class=\"wp-block-columns alignwide are-vertically-aligned-center is-not-stacked-on-mobile is-layout-flex wp-container-core-columns-is-layout-47c06fe3 wp-block-columns-is-layout-flex\">\n<div class=\"wp-block-column is-layout-flow wp-block-column-is-layout-flow\"><\/div>\n\n\n\n<div class=\"wp-block-column is-vertically-aligned-top is-layout-flow wp-block-column-is-layout-flow\" style=\"flex-basis:100%\">\n<h2 class=\"wp-block-heading has-text-align-center has-bellota-font-family has-x-large-font-size\" style=\"text-transform:uppercase\">Observation des baleines et des dauphins Excursions en bateau Projet Wise Whale<\/h2>\n\n\n\n<p class=\"has-text-align-center\">Participez \u00e0 nos excursions d'observation des baleines et des dauphins au Maroc et explorez l'oc\u00e9an en compagnie d'un biologiste marin.<\/p>\n\n\n\n<div class=\"wp-block-group is-nowrap is-layout-flex wp-container-core-group-is-layout-6c531013 wp-block-group-is-layout-flex\">\n<figure class=\"wp-block-image size-large wp-container-content-e0b89f81\"><img loading=\"lazy\" decoding=\"async\" width=\"1024\" height=\"277\" src=\"https:\/\/wisewhaleproject.com\/wp-content\/uploads\/2026\/02\/Motor-boat-icon-e1771939506150-1024x277.png\" alt=\"\" class=\"wp-image-678\" srcset=\"https:\/\/wisewhaleproject.com\/wp-content\/uploads\/2026\/02\/Motor-boat-icon-e1771939506150-1024x277.png 1024w, https:\/\/wisewhaleproject.com\/wp-content\/uploads\/2026\/02\/Motor-boat-icon-e1771939506150-300x81.png 300w, https:\/\/wisewhaleproject.com\/wp-content\/uploads\/2026\/02\/Motor-boat-icon-e1771939506150-768x208.png 768w, https:\/\/wisewhaleproject.com\/wp-content\/uploads\/2026\/02\/Motor-boat-icon-e1771939506150.png 1487w\" sizes=\"auto, (max-width: 1024px) 100vw, 1024px\" \/><\/figure>\n\n\n\n<h2 class=\"wp-block-heading has-base-color has-text-color has-link-color has-large-font-size wp-elements-a489e74af5c2bdaa7b519e96ac417f61\" style=\"text-transform:uppercase\"><strong>1. <\/strong><strong>Excursion en bateau pour l'observation des dauphins<\/strong> <\/h2>\n<\/div>\n\n\n\n\n\n\n<p class=\"has-text-align-center\" style=\"text-transform:uppercase\">Une exp\u00e9rience en mer avec des biologistes marins<\/p>\n\n\n\n<p>Cette exp\u00e9rience est con\u00e7ue pour les clients qui souhaitent explorer la haute mer et en apprendre davantage sur la vie marine. L'excursion dure deux heures et nous emm\u00e8ne loin de la c\u00f4te, vers le large, \u00e0 la recherche de dauphins et d'autres mammif\u00e8res marins.<\/p>\n\n\n\n<p>Cette excursion est limit\u00e9e \u00e0 un maximum de huit personnes, ce qui garantit une exp\u00e9rience tranquille, respectueuse et personnelle. \u00c0 bord, vous serez accompagn\u00e9 d'un skipper professionnel et d'un guide biologiste marin, qui partageront leurs connaissances sur les c\u00e9tac\u00e9s, leur comportement et l'\u00e9cosyst\u00e8me dans lequel ils vivent.<\/p>\n\n\n\n<p>L'accent est mis sur les c\u00e9tac\u00e9s, en particulier les dauphins. L'excursion est \u00e9ducative et interactive, et se d\u00e9roule dans une atmosph\u00e8re amicale et d\u00e9tendue o\u00f9 vous \u00eates encourag\u00e9 \u00e0 poser des questions, \u00e0 observer de mani\u00e8re responsable et \u00e0 vous rapprocher de l'oc\u00e9an dans un cadre calme et intime.<\/p>\n\n\n\n<p>Il s'agit d'une exp\u00e9rience d'observation des baleines bas\u00e9e sur la recherche. Au cours de l'excursion, nous ferons ce qui suit<\/p>\n\n\n\n<p>-Photo id<\/p>\n\n\n\n<p>-Collecte de donn\u00e9es<\/p>\n\n\n\n<p>-Contribuer \u00e0 la connaissance d'une r\u00e9gion sous-explor\u00e9e.<\/p>\n\n\n\n<div class=\"wp-block-group is-nowrap is-layout-flex wp-container-core-group-is-layout-6c531013 wp-block-group-is-layout-flex\">\n<div class=\"wp-block-group is-nowrap is-layout-flex wp-container-core-group-is-layout-6c531013 wp-block-group-is-layout-flex\">\n<figure class=\"wp-block-image size-full wp-container-content-b04ba3db\"><img loading=\"lazy\" decoding=\"async\" width=\"880\" height=\"934\" src=\"https:\/\/wisewhaleproject.com\/wp-content\/uploads\/2026\/02\/sailboat-icon-e1771936808290.png\" alt=\"\" class=\"wp-image-677\" srcset=\"https:\/\/wisewhaleproject.com\/wp-content\/uploads\/2026\/02\/sailboat-icon-e1771936808290.png 880w, https:\/\/wisewhaleproject.com\/wp-content\/uploads\/2026\/02\/sailboat-icon-e1771936808290-283x300.png 283w, https:\/\/wisewhaleproject.com\/wp-content\/uploads\/2026\/02\/sailboat-icon-e1771936808290-768x815.png 768w\" sizes=\"auto, (max-width: 880px) 100vw, 880px\" \/><\/figure>\n\n\n\n<h2 class=\"wp-block-heading has-base-color has-text-color has-link-color has-large-font-size wp-elements-1f0db15d794724de5d6fdeeab830c1f1\" style=\"text-transform:uppercase\"><strong>2. Excursion c\u00f4ti\u00e8re en voilier<\/strong> <\/h2>\n<\/div>\n<\/div>\n\n\n\n<p>Se d\u00e9tendre, explorer et profiter de la c\u00f4te marocaine<\/p>\n\n\n\n\n\n\n<p class=\"has-text-align-center has-large-font-size\" style=\"text-transform:uppercase\"><strong>Visite d'une demi-journ\u00e9e, 4 heures<\/strong><\/p>\n\n\n\n<p>Nos excursions en bateau \u00e0 voile sont con\u00e7ues pour ceux qui souhaitent ralentir et profiter de la beaut\u00e9 du littoral marocain.<\/p>\n\n\n\n<p>Cette option offre une exp\u00e9rience plus d\u00e9tendue et pittoresque avec un accent particulier sur la r\u00e9gion c\u00f4ti\u00e8re de T\u00e9touan. Le voyage se d\u00e9roule sur un voilier et est id\u00e9al pour profiter de la mer, du paysage et d'un rythme plus lent. Nous ferons \u00e9galement une pause pour profiter de la plong\u00e9e avec tuba dans les magnifiques eaux.<\/p>\n\n\n\n<p>Et si des dauphins apparaissent au cours du voyage, nous les observerons respectueusement comme faisant partie de l'exp\u00e9rience.<\/p>\n\n\n\n<div class=\"wp-block-columns is-layout-flex wp-container-core-columns-is-layout-28f84493 wp-block-columns-is-layout-flex\">\n<div class=\"wp-block-column is-layout-flow wp-block-column-is-layout-flow\">\n<p><\/p>\n\n\n\n<p class=\"has-text-align-center has-large-font-size\" style=\"text-transform:uppercase\"><\/p>\n\n\n\n<p><\/p>\n<\/div>\n<\/div>\n\n\n\n<p><\/p>\n<\/div>\n<\/div>","protected":false},"excerpt":{"rendered":"<p>Whale and Dolphin Watching Boat tours Wise Whale Project Join our whale and dolphin watching boat trips in Morocco and explore the ocean with marine biologist. 1. Dolphin Watching Boat Tour An Offshore Experience with Marine Biologists This experience is designed for guests who want to explore the open sea and learn about marine life. [&hellip;]<\/p>\n","protected":false},"author":2,"featured_media":0,"parent":0,"menu_order":0,"comment_status":"closed","ping_status":"closed","template":"","meta":{"footnotes":""},"class_list":["post-222","page","type-page","status-publish","hentry"],"_links":{"self":[{"href":"https:\/\/wisewhaleproject.com\/fr\/wp-json\/wp\/v2\/pages\/222","targetHints":{"allow":["GET"]}}],"collection":[{"href":"https:\/\/wisewhaleproject.com\/fr\/wp-json\/wp\/v2\/pages"}],"about":[{"href":"https:\/\/wisewhaleproject.com\/fr\/wp-json\/wp\/v2\/types\/page"}],"author":[{"embeddable":true,"href":"https:\/\/wisewhaleproject.com\/fr\/wp-json\/wp\/v2\/users\/2"}],"replies":[{"embeddable":true,"href":"https:\/\/wisewhaleproject.com\/fr\/wp-json\/wp\/v2\/comments?post=222"}],"version-history":[{"count":70,"href":"https:\/\/wisewhaleproject.com\/fr\/wp-json\/wp\/v2\/pages\/222\/revisions"}],"predecessor-version":[{"id":845,"href":"https:\/\/wisewhaleproject.com\/fr\/wp-json\/wp\/v2\/pages\/222\/revisions\/845"}],"wp:attachment":[{"href":"https:\/\/wisewhaleproject.com\/fr\/wp-json\/wp\/v2\/media?parent=222"}],"curies":[{"name":"wp","href":"https:\/\/api.w.org\/{rel}","templated":true}]}}