{"id":24,"date":"2025-12-01T10:04:00","date_gmt":"2025-12-01T10:04:00","guid":{"rendered":"https:\/\/wisewhaleproject.com\/?page_id=24"},"modified":"2026-04-09T11:26:51","modified_gmt":"2026-04-09T10:26:51","slug":"about-wise-whale-project","status":"publish","type":"page","link":"https:\/\/wisewhaleproject.com\/fr\/about-wise-whale-project\/","title":{"rendered":"About us"},"content":{"rendered":"<p class=\"has-text-align-center has-bellota-font-family has-x-large-font-size\">\u00c0 PROPOS DE NOUS<\/p>\n\n\n\n<p>Le projet Wise Whale est n\u00e9 apr\u00e8s de nombreuses ann\u00e9es d'exp\u00e9rience dans l'industrie du whale-watching et dans la recherche sur les c\u00e9tac\u00e9s. Nous sommes deux biologistes marins qui ont commenc\u00e9 leur voyage s\u00e9par\u00e9ment - chacun anim\u00e9 par une profonde fascination pour l'oc\u00e9an - et qui se sont finalement rencontr\u00e9s en travaillant ensemble en mer. \u00c0 nous deux, nous avons plus de vingt ans d'exp\u00e9rience combin\u00e9e dans le domaine marin, qu'il s'agisse de projets de recherche ax\u00e9s sur les c\u00e9tac\u00e9s et d'autres formes de vie marine ou d'ann\u00e9es pass\u00e9es \u00e0 travailler sur des bateaux d'observation des baleines.<\/p>\n\n\n\n<p>Au fil du temps, nous avons tous deux atteint un point o\u00f9 quelque chose nous manquait. Bien que nous passions nos journ\u00e9es sur l'oc\u00e9an, nous commencions \u00e0 nous sentir d\u00e9connect\u00e9s de ce qui nous avait d'abord inspir\u00e9s. Nous nous sommes retrouv\u00e9s \u00e0 emmener des groupes de personnes voir des dauphins et des baleines, non pas pour en apprendre plus sur eux, ni pour entrer en contact avec eux, mais simplement pour les divertir. Nous avons commenc\u00e9 \u00e0 avoir l'impression de conduire un taxi sur l'eau : nous emmenions des passagers, nous montrions les animaux, nous revenions et nous r\u00e9p\u00e9tions la m\u00eame routine, jour apr\u00e8s jour, tandis que les entreprises r\u00e9alisaient de gros b\u00e9n\u00e9fices mais n'apprenaient pas grand-chose sur l'oc\u00e9an ou ses habitants.<\/p>\n\n\n\n<p class=\"has-base-2-color has-text-color has-link-color wp-elements-687761ef5d83bb7a5f1f6a769d216a19\">Nous avons commenc\u00e9<a href=\"https:\/\/wisewhale.org\">&nbsp;Wisewhale.org,<\/a> notre premier travail et site web. C'est un projet cr\u00e9\u00e9 avec le c\u0153ur, pour aider les gens \u00e0 comprendre ce qui se cache derri\u00e8re l'industrie de l'observation des baleines \u2014 comment choisir des op\u00e9rateurs responsables, \u00e0 quoi s'attendre en mer, et comment le marketing et le tourisme ax\u00e9 sur le profit peuvent fa\u00e7onner nos attentes d'une mani\u00e8re qui ne sert pas toujours les meilleurs int\u00e9r\u00eats des animaux.<\/p>\n\n\n\n<p>Au cours de nos voyages \u00e0 travers le monde, nous avons \u00e9t\u00e9 t\u00e9moins de diff\u00e9rentes fa\u00e7ons d'observer les baleines. Dans certains endroits, cette activit\u00e9 est pratiqu\u00e9e avec un profond respect, une \u00e9thique solide et des codes de conduite clairs. Dans d'autres, malheureusement, il ne s'agissait que d'affaires - rendre les gens heureux \u00e0 tout prix, m\u00eame au d\u00e9triment du bien-\u00eatre des animaux.<\/p>\n\n\n\n<p>Ce voyage nous a amen\u00e9s \u00e0 faire un acte de foi et \u00e0 cr\u00e9er notre propre voie - le projet Wise Whale. Notre id\u00e9e \u00e9tait simple : retourner \u00e0 l'oc\u00e9an et faire les choses de la bonne mani\u00e8re. Cr\u00e9er des exp\u00e9riences qui permettent non seulement de voir les baleines et les dauphins, mais aussi de les comprendre.<\/p>\n\n\n\n<p>Nous voulons un but qui d\u00e9passe le profit. Notre objectif est d'inspirer une nouvelle approche de l'observation des baleines : une approche qui privil\u00e9gie le respect, l'\u00e9ducation et les liens authentiques plut\u00f4t que le divertissement.<\/p>\n\n\n\n<figure class=\"wp-block-image size-full\"><img loading=\"lazy\" decoding=\"async\" width=\"1073\" height=\"449\" src=\"https:\/\/wisewhaleproject.com\/wp-content\/uploads\/2025\/12\/1000036786-1.jpg\" alt=\"\" class=\"wp-image-189\" style=\"aspect-ratio:16\/9;object-fit:cover\" srcset=\"https:\/\/wisewhaleproject.com\/wp-content\/uploads\/2025\/12\/1000036786-1.jpg 1073w, https:\/\/wisewhaleproject.com\/wp-content\/uploads\/2025\/12\/1000036786-1-300x126.jpg 300w, https:\/\/wisewhaleproject.com\/wp-content\/uploads\/2025\/12\/1000036786-1-1024x428.jpg 1024w, https:\/\/wisewhaleproject.com\/wp-content\/uploads\/2025\/12\/1000036786-1-768x321.jpg 768w\" sizes=\"auto, (max-width: 1073px) 100vw, 1073px\" \/><\/figure>\n\n\n\n<p>Lorsque nous emmenons les gens en mer, notre objectif n'est pas seulement d'offrir un spectacle, mais aussi d'\u00e9veiller la curiosit\u00e9, l'amour et le respect pour la vie incroyable qui partage cette plan\u00e8te avec nous. Nous pensons qu'une fois que les gens auront vraiment compris l'oc\u00e9an et ses cr\u00e9atures, ils seront incit\u00e9s \u00e0 en prendre soin et \u00e0 les prot\u00e9ger.<\/p>\n\n\n\n<p>Car, en fin de compte, l\u2019oc\u00e9an ne tourne pas autour de nous \u2014 nous ne sommes qu\u2019une petite partie d\u2019un monde bien plus vaste, partag\u00e9 avec des \u00eatres aussi remarquables et aussi importants que nous.<\/p>\n\n\n\n<p><\/p>\n\n\n\n<p><\/p>","protected":false},"excerpt":{"rendered":"<p>ABOUT US The Wise Whale Project was born after many years of experience in both the&nbsp;whale-watching industry and cetacean research. We are two marine biologists who began our journeys separately \u2014 each driven by a deep fascination with the ocean \u2014 and eventually met while working together at sea. Between us, we have over twenty [&hellip;]<\/p>\n","protected":false},"author":2,"featured_media":0,"parent":0,"menu_order":0,"comment_status":"closed","ping_status":"closed","template":"","meta":{"footnotes":""},"class_list":["post-24","page","type-page","status-publish","hentry"],"_links":{"self":[{"href":"https:\/\/wisewhaleproject.com\/fr\/wp-json\/wp\/v2\/pages\/24","targetHints":{"allow":["GET"]}}],"collection":[{"href":"https:\/\/wisewhaleproject.com\/fr\/wp-json\/wp\/v2\/pages"}],"about":[{"href":"https:\/\/wisewhaleproject.com\/fr\/wp-json\/wp\/v2\/types\/page"}],"author":[{"embeddable":true,"href":"https:\/\/wisewhaleproject.com\/fr\/wp-json\/wp\/v2\/users\/2"}],"replies":[{"embeddable":true,"href":"https:\/\/wisewhaleproject.com\/fr\/wp-json\/wp\/v2\/comments?post=24"}],"version-history":[{"count":30,"href":"https:\/\/wisewhaleproject.com\/fr\/wp-json\/wp\/v2\/pages\/24\/revisions"}],"predecessor-version":[{"id":901,"href":"https:\/\/wisewhaleproject.com\/fr\/wp-json\/wp\/v2\/pages\/24\/revisions\/901"}],"wp:attachment":[{"href":"https:\/\/wisewhaleproject.com\/fr\/wp-json\/wp\/v2\/media?parent=24"}],"curies":[{"name":"wp","href":"https:\/\/api.w.org\/{rel}","templated":true}]}}