{"id":339,"date":"2026-02-11T14:20:41","date_gmt":"2026-02-11T14:20:41","guid":{"rendered":"https:\/\/wisewhaleproject.com\/?page_id=339"},"modified":"2026-02-25T15:03:53","modified_gmt":"2026-02-25T15:03:53","slug":"marine-life-morocco","status":"publish","type":"page","link":"https:\/\/wisewhaleproject.com\/fr\/marine-life-morocco\/","title":{"rendered":"Notre mission"},"content":{"rendered":"<div class=\"wp-block-group alignfull has-global-padding is-layout-constrained wp-container-core-group-is-layout-490fa1db wp-block-group-is-layout-constrained\" style=\"padding-top:var(--wp--preset--spacing--50);padding-right:var(--wp--preset--spacing--50);padding-bottom:var(--wp--preset--spacing--50);padding-left:var(--wp--preset--spacing--50)\">\n<div class=\"wp-block-group has-global-padding is-layout-constrained wp-container-core-group-is-layout-650790e1 wp-block-group-is-layout-constrained\">\n<h1 class=\"wp-block-heading has-text-align-center has-bellota-font-family has-x-large-font-size\">NOTRE MISSION<\/h1>\n\n\n\n<div style=\"height:46px\" aria-hidden=\"true\" class=\"wp-block-spacer\"><\/div>\n\n\n\n<p><\/p>\n\n\n\n<p class=\"has-text-align-center\"><strong>Projet Wise Whale<\/strong> est n\u00e9 d'ann\u00e9es d'exp\u00e9rience pratique dans l'observation des baleines et la recherche sur les c\u00e9tac\u00e9s. Fond\u00e9 par deux biologistes marins ayant pass\u00e9 ensemble plus de 20 ans en mer, le projet est anim\u00e9 d'un profond respect pour l'oc\u00e9an et la vie qu'il abrite.<\/p>\n\n\n\n<p class=\"has-text-align-center\">Le projet Wise Whale offre une alternative. Fond\u00e9es sur le respect, l'\u00e9ducation et la connexion, nos exp\u00e9riences sont con\u00e7ues pour approfondir la compr\u00e9hension de la vie marine et favoriser une attention durable \u00e0 l'oc\u00e9an que nous partageons.<\/p>\n\n\n\n<div style=\"height:1.25rem\" aria-hidden=\"true\" class=\"wp-block-spacer\"><\/div>\n<\/div>\n\n\n\n<div style=\"height:var(--wp--preset--spacing--30)\" aria-hidden=\"true\" class=\"wp-block-spacer\"><\/div>\n\n\n\n<figure class=\"wp-block-image alignwide size-full is-style-rounded is-style-rounded--1\" style=\"margin-top:0;margin-right:0;margin-bottom:0;margin-left:0\"><img loading=\"lazy\" decoding=\"async\" width=\"1064\" height=\"598\" src=\"https:\/\/wisewhaleproject.com\/wp-content\/uploads\/2025\/12\/1000036798.jpg\" alt=\"\" class=\"wp-image-203\" srcset=\"https:\/\/wisewhaleproject.com\/wp-content\/uploads\/2025\/12\/1000036798.jpg 1064w, https:\/\/wisewhaleproject.com\/wp-content\/uploads\/2025\/12\/1000036798-300x169.jpg 300w, https:\/\/wisewhaleproject.com\/wp-content\/uploads\/2025\/12\/1000036798-1024x576.jpg 1024w, https:\/\/wisewhaleproject.com\/wp-content\/uploads\/2025\/12\/1000036798-768x432.jpg 768w\" sizes=\"auto, (max-width: 1064px) 100vw, 1064px\" \/><\/figure>\n\n\n\n<h2 class=\"wp-block-heading has-text-align-center has-base-2-color has-text-color has-link-color wp-elements-944991001c6f1adc81081798b51bceb6\"><\/h2>\n\n\n\n<p class=\"has-text-align-center\">Le projet Wise Whale est une initiative \u00e9volutive fond\u00e9e sur une mani\u00e8re diff\u00e9rente d'observer l'oc\u00e9an et ses habitants. Plut\u00f4t que de rechercher le profit ou d'exploiter la faune, nous cherchons \u00e0 cr\u00e9er des liens significatifs. Notre objectif est d'aider les gens \u00e0 comprendre v\u00e9ritablement les animaux qu'ils rencontrent, en appr\u00e9ciant leur intelligence, leur complexit\u00e9 et leur r\u00f4le vital dans l'\u00e9cosyst\u00e8me. En m\u00eame temps, le Wise Whale Project int\u00e8gre une v\u00e9ritable recherche. Chaque voyage, chaque observation, chaque rencontre contribue \u00e0 l'acquisition de connaissances, \u00e0 la sensibilisation et \u00e0 la protection de la faune.<\/p>\n\n\n\n<p class=\"has-text-align-center\">Il ne s'agit pas seulement d'une exp\u00e9rience, mais d'une mission : inspirer le respect, la curiosit\u00e9 et l'attention pour le monde naturel.<\/p>\n<\/div>","protected":false},"excerpt":{"rendered":"<p>OUR MISSION Wise Whale Project was born from years of hands-on experience in whale watching and cetacean research. Founded by two marine biologists with over 20 years of combined time at sea, the project is driven by a deep respect for the ocean and the life it sustains. Wise Whale Project offers an alternative. Rooted [&hellip;]<\/p>\n","protected":false},"author":2,"featured_media":278,"parent":0,"menu_order":0,"comment_status":"closed","ping_status":"closed","template":"","meta":{"footnotes":""},"class_list":["post-339","page","type-page","status-publish","has-post-thumbnail","hentry"],"_links":{"self":[{"href":"https:\/\/wisewhaleproject.com\/fr\/wp-json\/wp\/v2\/pages\/339","targetHints":{"allow":["GET"]}}],"collection":[{"href":"https:\/\/wisewhaleproject.com\/fr\/wp-json\/wp\/v2\/pages"}],"about":[{"href":"https:\/\/wisewhaleproject.com\/fr\/wp-json\/wp\/v2\/types\/page"}],"author":[{"embeddable":true,"href":"https:\/\/wisewhaleproject.com\/fr\/wp-json\/wp\/v2\/users\/2"}],"replies":[{"embeddable":true,"href":"https:\/\/wisewhaleproject.com\/fr\/wp-json\/wp\/v2\/comments?post=339"}],"version-history":[{"count":13,"href":"https:\/\/wisewhaleproject.com\/fr\/wp-json\/wp\/v2\/pages\/339\/revisions"}],"predecessor-version":[{"id":785,"href":"https:\/\/wisewhaleproject.com\/fr\/wp-json\/wp\/v2\/pages\/339\/revisions\/785"}],"wp:featuredmedia":[{"embeddable":true,"href":"https:\/\/wisewhaleproject.com\/fr\/wp-json\/wp\/v2\/media\/278"}],"wp:attachment":[{"href":"https:\/\/wisewhaleproject.com\/fr\/wp-json\/wp\/v2\/media?parent=339"}],"curies":[{"name":"wp","href":"https:\/\/api.w.org\/{rel}","templated":true}]}}