{"id":623,"date":"2026-02-21T12:04:28","date_gmt":"2026-02-21T12:04:28","guid":{"rendered":"https:\/\/wisewhaleproject.com\/?page_id=623"},"modified":"2026-04-09T11:25:16","modified_gmt":"2026-04-09T10:25:16","slug":"responsible-cetacean-observation","status":"publish","type":"page","link":"https:\/\/wisewhaleproject.com\/fr\/responsible-cetacean-observation\/","title":{"rendered":"Observation responsable des c\u00e9tac\u00e9s"},"content":{"rendered":"<p class=\"has-text-align-center has-bellota-font-family has-x-large-font-size\" style=\"text-transform:uppercase\">Observation responsable des c\u00e9tac\u00e9s<\/p>\n\n\n\n<p>L'observation des baleines et des dauphins est un moyen incroyable d'entrer en contact avec la vie marine, en favorisant l'appr\u00e9ciation et les efforts de conservation. L'observation de ces cr\u00e9atures majestueuses dans leur habitat naturel favorise l'\u00e9cotourisme, encourage l'\u00e9ducation et contribue \u00e0 la recherche scientifique. Cependant, des pratiques irresponsables peuvent stresser, blesser ou m\u00eame mettre en danger ces animaux. C'est pourquoi il est essentiel de suivre des lignes directrices \u00e9thiques pour garantir une exp\u00e9rience s\u00fbre et durable.<\/p>\n\n\n\n<p>En fin de compte, la question ultime est la suivante : pourquoi s'adonner \u00e0 l'observation des baleines ? Apr\u00e8s tout, notre simple pr\u00e9sence affecte les animaux. Si nous choisissons de le faire, nous devons le faire de la meilleure fa\u00e7on possible, en minimisant notre impact et en interf\u00e9rant le moins possible avec le comportement des animaux et leur habitat naturel.<\/p>\n\n\n\n<p>Si nous abordons cette question de mani\u00e8re responsable et que nous basons nos actions sur des donn\u00e9es - en respectant des r\u00e8gles con\u00e7ues pour minimiser notre impact - le fait d'amener les gens \u00e0 observer la beaut\u00e9 de ces animaux dans leur habitat naturel peut avoir un effet positif. L'exp\u00e9rience directe de leur mode de vie peut inciter les individus \u00e0 adopter des comportements modestes et significatifs en faveur de leur conservation. En outre, cela peut d\u00e9courager les visites dans les installations de captivit\u00e9, en favorisant une plus grande appr\u00e9ciation de l'observation de ces magnifiques cr\u00e9atures l\u00e0 o\u00f9 elles sont vraiment chez elles.<\/p>\n\n\n\n<figure class=\"wp-block-image size-large\"><img loading=\"lazy\" decoding=\"async\" width=\"1024\" height=\"683\" src=\"https:\/\/wisewhaleproject.com\/wp-content\/uploads\/2025\/12\/IMG_6769-1024x683.jpg\" alt=\"\" class=\"wp-image-170\" srcset=\"https:\/\/wisewhaleproject.com\/wp-content\/uploads\/2025\/12\/IMG_6769-1024x683.jpg 1024w, https:\/\/wisewhaleproject.com\/wp-content\/uploads\/2025\/12\/IMG_6769-300x200.jpg 300w, https:\/\/wisewhaleproject.com\/wp-content\/uploads\/2025\/12\/IMG_6769-768x512.jpg 768w, https:\/\/wisewhaleproject.com\/wp-content\/uploads\/2025\/12\/IMG_6769-1536x1024.jpg 1536w, https:\/\/wisewhaleproject.com\/wp-content\/uploads\/2025\/12\/IMG_6769-2048x1365.jpg 2048w\" sizes=\"auto, (max-width: 1024px) 100vw, 1024px\" \/><\/figure>\n\n\n\n<p class=\"has-medium-font-size\"><strong>Qu'est-ce qu'une \u201cMEILLEURE PRATIQUE\u201d ?<\/strong><br><\/p>\n\n\n\n<p class=\"has-medium-font-size\">Les meilleures pratiques en mati\u00e8re d'observation des baleines et des dauphins impliquent des lignes directrices, une \u00e9thique et des principes qui garantissent que l'activit\u00e9 est men\u00e9e de mani\u00e8re responsable. Elles visent \u00e0 minimiser les impacts n\u00e9gatifs sur les c\u00e9tac\u00e9s et l'environnement, \u00e0 am\u00e9liorer la satisfaction des clients et \u00e0 apporter des b\u00e9n\u00e9fices aux communaut\u00e9s locales.<\/p>\n\n\n\n<p>Pour les voyagistes, les meilleures pratiques consistent \u00e0 adopter des pr\u00e9cautions dans la conduite des bateaux et \u00e0 respecter strictement les r\u00e9glementations afin de r\u00e9duire les perturbations pour les animaux. Il est essentiel de minimiser les impacts \u00e0 court et \u00e0 long terme de l'observation des baleines et des dauphins sur les populations de c\u00e9tac\u00e9s.<\/p>\n\n\n\n<p>Un tourisme mal g\u00e9r\u00e9 peut nuire aux populations de c\u00e9tac\u00e9s :<br>Perturbation des comportements essentiels : Les perturbations peuvent contraindre les c\u00e9tac\u00e9s \u00e0 abandonner des activit\u00e9s essentielles telles que l'alimentation, le repos et la socialisation. Au fil du temps, cela peut r\u00e9duire le succ\u00e8s de la reproduction, le taux de survie des petits et la condition physique g\u00e9n\u00e9rale.<br>D\u00e9placement de population : Lorsque la pression touristique l'emporte sur les avantages de rester dans un habitat, les c\u00e9tac\u00e9s peuvent abandonner la zone. Cela peut les forcer \u00e0 se r\u00e9fugier dans des environnements moins id\u00e9aux, o\u00f9 la nourriture est moins abondante, ce qui augmente le stress et la d\u00e9pense d'\u00e9nergie.<br>Blessures physiques ou d\u00e9c\u00e8s dus \u00e0 des collisions avec des bateaux : L'augmentation du nombre de bateaux de tourisme non r\u00e9glement\u00e9s, les d\u00e9placements \u00e0 grande vitesse et les man\u0153uvres erratiques mettent les c\u00e9tac\u00e9s en danger. Dans certains cas, les baleines et les dauphins s'habituent aux bateaux, ce qui r\u00e9duit leurs comportements naturels d'\u00e9vitement et les rend plus vuln\u00e9rables aux collisions.<\/p>\n\n\n\n<p>Ces derni\u00e8res ann\u00e9es, diverses institutions ont mis en place des lignes directrices et des r\u00e9glementations pour r\u00e9pondre \u00e0 ces pr\u00e9occupations. Cependant, la recherche continue de mettre en \u00e9vidence les effets n\u00e9gatifs de l'observation commerciale des baleines et des dauphins dans certains endroits. Si certaines r\u00e9gions ont r\u00e9ussi \u00e0 mettre en \u0153uvre des r\u00e9glementations gouvernementales ou des codes de conduite volontaires, les r\u00e9sultats sont variables.<\/p>\n\n\n\n<p>En fin de compte, les meilleures pratiques constituent un outil crucial pour att\u00e9nuer ces impacts et assurer la durabilit\u00e9 de l'observation des c\u00e9tac\u00e9s. En suivant ces recommandations, l'activit\u00e9 peut rester respectueuse de l'environnement, s\u00fbre pour les animaux et les participants, et b\u00e9n\u00e9fique pour les \u00e9conomies locales, tout en maximisant ses avantages \u00e9ducatifs, \u00e9conomiques et r\u00e9cr\u00e9atifs.<\/p>\n\n\n\n<p>Il est important de :<\/p>\n\n\n\n<p>\u25cf Respecter la distance : Il est crucial de maintenir une distance de s\u00e9curit\u00e9 avec les animaux pour \u00e9viter de perturber leur comportement naturel. Les lignes directrices recommandent souvent de rester \u00e0 une distance d'au moins 100 m\u00e8tres.&nbsp;<\/p>\n\n\n\n<p>\u25cf Minimiser le bruit : Le bruit excessif des bateaux ou d'autres activit\u00e9s peut perturber les animaux et interf\u00e9rer avec leur communication, leur alimentation et leur navigation. Les excursions d'observation des baleines sont encourag\u00e9es \u00e0 utiliser des bateaux plus silencieux et \u00e0 minimiser le bruit.&nbsp;<\/p>\n\n\n\n<p>\u25cf \u00c9vitez le harc\u00e8lement : Il est important de ne pas poursuivre, entourer ou tenter de toucher les animaux. Les d\u00e9ranger de la sorte peut les stresser et perturber leurs comportements naturels.&nbsp;<\/p>\n\n\n\n<p>\u25cf L'\u00e9ducation et la sensibilisation : Fournir aux h\u00f4tes des informations sur les esp\u00e8ces, leur comportement et les efforts de conservation permet de mieux faire conna\u00eetre et appr\u00e9cier les animaux. \u00c9duquer les touristes sur l'observation responsable des baleines peut favoriser une meilleure compr\u00e9hension de l'importance de la protection de la vie marine. En outre, l'utilisation de pratiques durables et respectueuses de l'environnement pendant l'observation des baleines, telles que l'utilisation de navires \u00e9cologiques ou la limitation de l'utilisation de carburant, contribue \u00e0 r\u00e9duire l'impact environnemental de l'activit\u00e9.<\/p>\n\n\n\n<p class=\"has-text-align-center has-medium-font-size\"><strong>Le Wise Whale Project s'engage \u00e0 respecter les meilleures pratiques en mati\u00e8re d'observation des baleines et des dauphins et \u00e0 contribuer \u00e0 l'\u00e9tablissement d'un code de conduite responsable dans les r\u00e9gions o\u00f9 de telles lignes directrices n'existent pas encore.<\/strong>.<\/p>\n\n\n\n<p class=\"has-text-align-center has-base-2-color has-text-color has-link-color wp-elements-7cc39e2881cc8a843b40dfe506984371\">Pour plus d'informations, consultez <a href=\"https:\/\/wisewhale.org\" data-type=\"link\" data-id=\"https:\/\/wisewhale.org\"><strong>wisewhale@org<\/strong><\/a><\/p>\n\n\n\n<p><\/p>\n\n\n\n<p><\/p>","protected":false},"excerpt":{"rendered":"<p>Responsible Cetacean Observation Whale and dolphin watching is an incredible way to connect with marine life, fostering appreciation and conservation efforts. Observing these majestic creatures in their natural habitat supports ecotourism, promotes education, and contributes to scientific research. However, irresponsible practices can stress, injure, or even endanger these animals. That\u2019s why following ethical guidelines is [&hellip;]<\/p>\n","protected":false},"author":2,"featured_media":0,"parent":0,"menu_order":0,"comment_status":"closed","ping_status":"closed","template":"","meta":{"footnotes":""},"class_list":["post-623","page","type-page","status-publish","hentry"],"_links":{"self":[{"href":"https:\/\/wisewhaleproject.com\/fr\/wp-json\/wp\/v2\/pages\/623","targetHints":{"allow":["GET"]}}],"collection":[{"href":"https:\/\/wisewhaleproject.com\/fr\/wp-json\/wp\/v2\/pages"}],"about":[{"href":"https:\/\/wisewhaleproject.com\/fr\/wp-json\/wp\/v2\/types\/page"}],"author":[{"embeddable":true,"href":"https:\/\/wisewhaleproject.com\/fr\/wp-json\/wp\/v2\/users\/2"}],"replies":[{"embeddable":true,"href":"https:\/\/wisewhaleproject.com\/fr\/wp-json\/wp\/v2\/comments?post=623"}],"version-history":[{"count":11,"href":"https:\/\/wisewhaleproject.com\/fr\/wp-json\/wp\/v2\/pages\/623\/revisions"}],"predecessor-version":[{"id":900,"href":"https:\/\/wisewhaleproject.com\/fr\/wp-json\/wp\/v2\/pages\/623\/revisions\/900"}],"wp:attachment":[{"href":"https:\/\/wisewhaleproject.com\/fr\/wp-json\/wp\/v2\/media?parent=623"}],"curies":[{"name":"wp","href":"https:\/\/api.w.org\/{rel}","templated":true}]}}