{"id":623,"date":"2026-02-21T12:04:28","date_gmt":"2026-02-21T12:04:28","guid":{"rendered":"https:\/\/wisewhaleproject.com\/?page_id=623"},"modified":"2026-04-09T11:25:16","modified_gmt":"2026-04-09T10:25:16","slug":"responsible-cetacean-observation","status":"publish","type":"page","link":"https:\/\/wisewhaleproject.com\/it\/responsible-cetacean-observation\/","title":{"rendered":"Osservazione Responsabile dei Cetacei"},"content":{"rendered":"<p class=\"has-text-align-center has-bellota-font-family has-x-large-font-size\" style=\"text-transform:uppercase\">Osservazione Responsabile dei Cetacei<\/p>\n\n\n\n<p>L'osservazione di balene e delfini \u00e8 un modo incredibile per connettersi con la vita marina, promuovendo apprezzamento e sforzi di conservazione. Osservare queste maestose creature nel loro habitat naturale supporta l'ecoturismo, promuove l'educazione e contribuisce alla ricerca scientifica. Tuttavia, pratiche irresponsabili possono stressare, ferire o persino mettere in pericolo questi animali. Ecco perch\u00e9 seguire linee guida etiche \u00e8 essenziale per garantire un'esperienza sicura e sostenibile.<\/p>\n\n\n\n<p>Alla fine, la domanda fondamentale \u00e8: perch\u00e9 pratichiamo l'osservazione delle balene? Dopotutto, la nostra mera presenza influisce sugli animali. Se scegliamo di farlo, dobbiamo farlo nel miglior modo possibile, minimizzando il nostro impatto e interferendo il meno possibile con il comportamento degli animali e il loro habitat naturale.<\/p>\n\n\n\n<p>Se ci avviciniamo a ci\u00f2 in modo responsabile e basiamo le nostre azioni sui dati, rispettando le regole progettate per minimizzare il nostro impatto, portare le persone ad ammirare la bellezza di questi animali nel loro habitat naturale pu\u00f2 avere un effetto positivo. Sperimentare il loro stile di vita in prima persona pu\u00f2 ispirare gli individui ad adottare comportamenti piccoli e significativi che supportano la loro conservazione. Inoltre, pu\u00f2 scoraggiare le visite a strutture di cattivit\u00e0, promuovendo un maggiore apprezzamento per l'osservazione di queste magnifiche creature dove appartengono veramente.<\/p>\n\n\n\n<figure class=\"wp-block-image size-large\"><img loading=\"lazy\" decoding=\"async\" width=\"1024\" height=\"683\" src=\"https:\/\/wisewhaleproject.com\/wp-content\/uploads\/2025\/12\/IMG_6769-1024x683.jpg\" alt=\"\" class=\"wp-image-170\" srcset=\"https:\/\/wisewhaleproject.com\/wp-content\/uploads\/2025\/12\/IMG_6769-1024x683.jpg 1024w, https:\/\/wisewhaleproject.com\/wp-content\/uploads\/2025\/12\/IMG_6769-300x200.jpg 300w, https:\/\/wisewhaleproject.com\/wp-content\/uploads\/2025\/12\/IMG_6769-768x512.jpg 768w, https:\/\/wisewhaleproject.com\/wp-content\/uploads\/2025\/12\/IMG_6769-1536x1024.jpg 1536w, https:\/\/wisewhaleproject.com\/wp-content\/uploads\/2025\/12\/IMG_6769-2048x1365.jpg 2048w\" sizes=\"auto, (max-width: 1024px) 100vw, 1024px\" \/><\/figure>\n\n\n\n<p class=\"has-medium-font-size\"><strong>MIGLIORE PRATICA<\/strong><br><\/p>\n\n\n\n<p class=\"has-medium-font-size\">Le migliori pratiche per l'osservazione di balene e delfini comportano linee guida, etica e principi che garantiscono che l'attivit\u00e0 venga svolta in modo responsabile. Mirano a ridurre al minimo gli impatti negativi sui cetacei e sull'ambiente, migliorare la soddisfazione del cliente e fornire benefici positivi alle comunit\u00e0 locali.<\/p>\n\n\n\n<p>Per gli operatori turistici, le migliori pratiche includono l'adozione di una guida della barca precauzionale e il rispetto rigoroso delle normative per ridurre i disturbi agli animali. \u00c8 essenziale ridurre al minimo sia gli impatti a breve che a lungo termine dell'osservazione di balene e delfini sulle popolazioni di cetacei.<\/p>\n\n\n\n<p>Una gestione turistica inadeguata pu\u00f2 danneggiare le popolazioni di cetacei:<br>Disturbo dei comportamenti critici: i disturbi possono costringere i cetacei ad abbandonare attivit\u00e0 essenziali come l'alimentazione, il riposo e la socializzazione. Nel tempo, ci\u00f2 pu\u00f2 ridurre il successo riproduttivo, i tassi di sopravvivenza dei piccoli e la forma fisica generale.<br>Spostamento della popolazione: Quando la pressione turistica supera i benefici di rimanere in un habitat, i cetacei possono abbandonare l'area. Ci\u00f2 potrebbe costringerli in ambienti meno ideali con minore disponibilit\u00e0 di cibo, aumentando stress e dispendio energetico.<br>Lesioni fisiche o decessi dovuti a collisioni con imbarcazioni: L'aumento del numero di imbarcazioni turistiche non regolamentate, la velocit\u00e0 elevata e le manovre erratiche mettono i cetacei a rischio. In alcuni casi, balene e delfini si abituano alle imbarcazioni, riducendo i loro comportamenti naturali di evitamento e rendendoli pi\u00f9 vulnerabili alle collisioni.<\/p>\n\n\n\n<p>Negli ultimi anni, varie istituzioni hanno introdotto linee guida e regolamenti per affrontare queste preoccupazioni. Tuttavia, la ricerca continua a evidenziare gli effetti negativi dell'osservazione commerciale di balene e delfini in alcune localit\u00e0. Mentre alcune regioni hanno implementato con successo regolamenti governativi o codici di condotta volontari, i risultati sono variati.<\/p>\n\n\n\n<p>In definitiva, le migliori pratiche servono come uno strumento cruciale per mitigare questi impatti e garantire la sostenibilit\u00e0 dell'osservazione dei cetacei. Seguendo queste raccomandazioni, l'attivit\u00e0 pu\u00f2 rimanere ecologicamente responsabile, sicura sia per gli animali che per i partecipanti, e a beneficio delle economie locali, massimizzando al contempo i suoi benefici educativi, economici e ricreativi.<\/p>\n\n\n\n<p>\u00c8 importante:<\/p>\n\n\n\n<p>\u25cf \u00a0Rispetta la distanza: Mantenere una distanza di sicurezza dagli animali \u00e8 fondamentale per evitare di disturbare il loro comportamento naturale. Le linee guida raccomandano spesso di rimanere ad almeno 100 metri di distanza.&nbsp;<\/p>\n\n\n\n<p>Minimizzare il rumore: il rumore eccessivo proveniente da barche o altre attivit\u00e0 pu\u00f2 disturbare gli animali e interferire con la loro comunicazione, alimentazione e navigazione. Si incoraggiano le gite di whale watching a utilizzare barche pi\u00f9 silenziose e a ridurre al minimo il rumore.&nbsp;<\/p>\n\n\n\n<p>\u25cf Evita le molestie: \u00c8 importante non inseguire, circondare o tentare di toccare gli animali. Disturbarli in questo modo pu\u00f2 stressarli e interrompere i loro comportamenti naturali.&nbsp;<\/p>\n\n\n\n<p>\u25cf Educazione e sensibilizzazione: Fornire agli ospiti informazioni sulle specie, sul loro comportamento e sugli sforzi di conservazione aiuta ad aumentare la consapevolezza e l'apprezzamento per gli animali. Educare i turisti sul whale watching responsabile pu\u00f2 promuovere una maggiore comprensione dell'importanza della protezione della vita marina. Inoltre, l'utilizzo di pratiche sostenibili ed ecocompatibili durante il whale watching, come l'uso di imbarcazioni eco-compatibili o la limitazione dell'uso del carburante, aiuta a ridurre l'impatto ambientale dell'attivit\u00e0.<\/p>\n\n\n\n<p class=\"has-text-align-center has-medium-font-size\"><strong>Al Wise Whale Project ci impegniamo a seguire le migliori pratiche per l'osservazione di balene e delfini e ad aiutare a stabilire codici di condotta responsabili nelle regioni in cui tali linee guida non sono ancora in vigore.<\/strong>.<\/p>\n\n\n\n<p class=\"has-text-align-center has-base-2-color has-text-color has-link-color wp-elements-7cc39e2881cc8a843b40dfe506984371\">Per maggiori informazioni, controlla <a href=\"https:\/\/wisewhale.org\" data-type=\"link\" data-id=\"https:\/\/wisewhale.org\"><strong>wisewhale@org<\/strong><\/a><\/p>\n\n\n\n<p><\/p>\n\n\n\n<p><\/p>","protected":false},"excerpt":{"rendered":"<p>Responsible Cetacean Observation Whale and dolphin watching is an incredible way to connect with marine life, fostering appreciation and conservation efforts. Observing these majestic creatures in their natural habitat supports ecotourism, promotes education, and contributes to scientific research. However, irresponsible practices can stress, injure, or even endanger these animals. That\u2019s why following ethical guidelines is [&hellip;]<\/p>\n","protected":false},"author":2,"featured_media":0,"parent":0,"menu_order":0,"comment_status":"closed","ping_status":"closed","template":"","meta":{"footnotes":""},"class_list":["post-623","page","type-page","status-publish","hentry"],"_links":{"self":[{"href":"https:\/\/wisewhaleproject.com\/it\/wp-json\/wp\/v2\/pages\/623","targetHints":{"allow":["GET"]}}],"collection":[{"href":"https:\/\/wisewhaleproject.com\/it\/wp-json\/wp\/v2\/pages"}],"about":[{"href":"https:\/\/wisewhaleproject.com\/it\/wp-json\/wp\/v2\/types\/page"}],"author":[{"embeddable":true,"href":"https:\/\/wisewhaleproject.com\/it\/wp-json\/wp\/v2\/users\/2"}],"replies":[{"embeddable":true,"href":"https:\/\/wisewhaleproject.com\/it\/wp-json\/wp\/v2\/comments?post=623"}],"version-history":[{"count":11,"href":"https:\/\/wisewhaleproject.com\/it\/wp-json\/wp\/v2\/pages\/623\/revisions"}],"predecessor-version":[{"id":900,"href":"https:\/\/wisewhaleproject.com\/it\/wp-json\/wp\/v2\/pages\/623\/revisions\/900"}],"wp:attachment":[{"href":"https:\/\/wisewhaleproject.com\/it\/wp-json\/wp\/v2\/media?parent=623"}],"curies":[{"name":"wp","href":"https:\/\/api.w.org\/{rel}","templated":true}]}}